{"id":1173,"date":"2010-07-28T13:46:56","date_gmt":"2010-07-28T13:46:56","guid":{"rendered":"http:\/\/www.levriers-du-sud.org\/site\/"},"modified":"2022-01-24T09:51:07","modified_gmt":"2022-01-24T08:51:07","slug":"la-triste-realite-des-levriers-en-espagne","status":"publish","type":"page","link":"https:\/\/www.levriers-du-sud.org\/site\/la-triste-realite-des-levriers-en-espagne\/","title":{"rendered":"La triste r\u00e9alit\u00e9 des l\u00e9vriers en Espagne"},"content":{"rendered":"<p>Il est malheureusement n\u00e9cessaire, afin de mieux faire conna\u00eetre le sort des l\u00e9vriers en Espagne, de montrer ici la dure r\u00e9alit\u00e9.<\/p>\n<p>Attention, certaines images sont insoutenables. Comment imaginer de telles monstruosit\u00e9s ?<\/p>\n<p>Chaque ann\u00e9e, ce sont plus de 50 000 galgos et podencos qui sont massacr\u00e9s. La tradition veut que les galgos soient pendus, les pattes arri\u00e8res touchants \u00e0 peine le sol pour que l&rsquo;agonie soit plus longue.<\/p>\n<p><img loading=\"lazy\" decoding=\"async\" class=\"alignnone size-full wp-image-1039\" title=\"galgo pendu levriers du sud\" src=\"http:\/\/www.levriers-du-sud.org\/site\/wp-content\/uploads\/2010\/07\/galgo2.jpg\" alt=\"\" width=\"280\" height=\"373\" srcset=\"https:\/\/www.levriers-du-sud.org\/site\/wp-content\/uploads\/2010\/07\/galgo2.jpg 280w, https:\/\/www.levriers-du-sud.org\/site\/wp-content\/uploads\/2010\/07\/galgo2-225x300.jpg 225w\" sizes=\"auto, (max-width: 280px) 100vw, 280px\" \/> <img loading=\"lazy\" decoding=\"async\" class=\"alignnone size-full wp-image-1040\" title=\"pianiste-galgo-pendu-1663566d9b\" src=\"http:\/\/www.levriers-du-sud.org\/site\/wp-content\/uploads\/2010\/07\/pianiste-galgo-pendu-1663566d9b.jpg\" alt=\"\" width=\"271\" height=\"372\" srcset=\"https:\/\/www.levriers-du-sud.org\/site\/wp-content\/uploads\/2010\/07\/pianiste-galgo-pendu-1663566d9b.jpg 280w, https:\/\/www.levriers-du-sud.org\/site\/wp-content\/uploads\/2010\/07\/pianiste-galgo-pendu-1663566d9b-218x300.jpg 218w\" sizes=\"auto, (max-width: 271px) 100vw, 271px\" \/><\/p>\n<p><!--more-->Mais les moyens sont h\u00e9las multiples : br\u00fbl\u00e9s vifs, train\u00e9s derri\u00e8re des voitures, battus \u00e0 mort, tortur\u00e9s, jet\u00e9s dans des puits, piqu\u00e9s \u00e0 l&rsquo;eau de javel, abandonn\u00e9s les deux pattes avant cass\u00e9es, bless\u00e9s au couteau&#8230;<\/p>\n<p><img loading=\"lazy\" decoding=\"async\" class=\"alignnone size-full wp-image-1041\" title=\"galga puits 2 levriers sud\" src=\"http:\/\/www.levriers-du-sud.org\/site\/wp-content\/uploads\/2010\/07\/galga-puits-2.jpg\" alt=\"\" width=\"280\" height=\"210\" \/> <img loading=\"lazy\" decoding=\"async\" class=\"alignnone size-full wp-image-1042\" title=\"galgo ossement 2\" src=\"http:\/\/www.levriers-du-sud.org\/site\/wp-content\/uploads\/2010\/07\/galgo-ossement-2.jpg\" alt=\"\" width=\"280\" height=\"209\" \/><\/p>\n<p><img loading=\"lazy\" decoding=\"async\" class=\"alignnone size-full wp-image-1043\" title=\"galgo voiture\" src=\"http:\/\/www.levriers-du-sud.org\/site\/wp-content\/uploads\/2010\/07\/galgo-voiture.jpg\" alt=\"\" width=\"280\" height=\"210\" \/> <img loading=\"lazy\" decoding=\"async\" class=\"alignnone size-full wp-image-1044\" title=\"podenca bless\u00e9e\" src=\"http:\/\/www.levriers-du-sud.org\/site\/wp-content\/uploads\/2010\/07\/PODENCA-DE-PERDIGONES.-11-DIC-2008-001.jpg\" alt=\"\" width=\"280\" height=\"210\" \/><\/p>\n<p><img loading=\"lazy\" decoding=\"async\" class=\"alignnone size-full wp-image-1059\" title=\"Higuera20-20galgos-20 levriers du sud\" src=\"http:\/\/www.levriers-du-sud.org\/site\/wp-content\/uploads\/2010\/07\/Higuera20-20galgos-20.jpg\" alt=\"\" width=\"280\" height=\"210\" \/> <img loading=\"lazy\" decoding=\"async\" class=\"alignnone size-full wp-image-1060\" title=\"galgo squel levriers du sud\" src=\"http:\/\/www.levriers-du-sud.org\/site\/wp-content\/uploads\/2010\/07\/home1.jpg\" alt=\"\" width=\"259\" height=\"211\" \/><\/p>\n<p>Ils sont aussi abandonn\u00e9s \u00e0 leur triste sort dans les abords des villes ou des autoroutes avec la certitude de se faire renverser un jour par un v\u00e9hicule. Ils survivent dans les poubelles, souvent couverts de tiques, infect\u00e9s par la gale ou autres maladies de peau, et tous ces parasites finissent par les affaiblir jusqu&rsquo;\u00e0 la mort. Les galgueros ( chasseurs ) vont m\u00eame jusqu&rsquo;\u00e0 arracher la puce \u00e9lectronique en ouvrant le cou des chiens avant de les abandonner..<\/p>\n<p><img loading=\"lazy\" decoding=\"async\" class=\"alignnone size-full wp-image-1047\" title=\"ALHAMBRA10 levriers du sud\" src=\"http:\/\/www.levriers-du-sud.org\/site\/wp-content\/uploads\/2010\/07\/ALHAMBRA10.jpg\" alt=\"\" width=\"280\" height=\"373\" srcset=\"https:\/\/www.levriers-du-sud.org\/site\/wp-content\/uploads\/2010\/07\/ALHAMBRA10.jpg 280w, https:\/\/www.levriers-du-sud.org\/site\/wp-content\/uploads\/2010\/07\/ALHAMBRA10-225x300.jpg 225w\" sizes=\"auto, (max-width: 280px) 100vw, 280px\" \/> <img loading=\"lazy\" decoding=\"async\" class=\"alignnone size-full wp-image-1048\" title=\"ALHAMBRA11 levriers du sud\" src=\"http:\/\/www.levriers-du-sud.org\/site\/wp-content\/uploads\/2010\/07\/ALHAMBRA11.jpg\" alt=\"\" width=\"280\" height=\"373\" srcset=\"https:\/\/www.levriers-du-sud.org\/site\/wp-content\/uploads\/2010\/07\/ALHAMBRA11.jpg 280w, https:\/\/www.levriers-du-sud.org\/site\/wp-content\/uploads\/2010\/07\/ALHAMBRA11-225x300.jpg 225w\" sizes=\"auto, (max-width: 280px) 100vw, 280px\" \/><\/p>\n<p><img loading=\"lazy\" decoding=\"async\" class=\"alignnone size-full wp-image-1049\" title=\"bone levriers du sud\" src=\"http:\/\/www.levriers-du-sud.org\/site\/wp-content\/uploads\/2010\/07\/bone-info4.jpg\" alt=\"\" width=\"280\" height=\"233\" \/> <img loading=\"lazy\" decoding=\"async\" class=\"alignnone size-full wp-image-1052\" title=\"viento levriers du sud\" src=\"http:\/\/www.levriers-du-sud.org\/site\/wp-content\/uploads\/2010\/07\/VIENTO-III.jpg\" alt=\"\" width=\"174\" height=\"233\" srcset=\"https:\/\/www.levriers-du-sud.org\/site\/wp-content\/uploads\/2010\/07\/VIENTO-III.jpg 280w, https:\/\/www.levriers-du-sud.org\/site\/wp-content\/uploads\/2010\/07\/VIENTO-III-225x300.jpg 225w\" sizes=\"auto, (max-width: 174px) 100vw, 174px\" \/><\/p>\n<p>Les conditions de vie des galgos sont abominables. Ils vivent enferm\u00e9s la plupart du temps, ne sortent que pour la chasse, et sont transport\u00e9s comme du b\u00e9tail sans importance. Les galgas en \u00e2ge de procr\u00e9er passent leur vie \u00e0 faire des port\u00e9es, puis sont tu\u00e9es ou abandonn\u00e9es lorsqu&rsquo;elles sont trop vieilles.<\/p>\n<p><img loading=\"lazy\" decoding=\"async\" class=\"alignnone size-full wp-image-1057\" title=\"galgos remorque\" src=\"http:\/\/www.levriers-du-sud.org\/site\/wp-content\/uploads\/2010\/07\/galgos-remorque.jpg\" alt=\"\" width=\"272\" height=\"204\" \/> <a href=\"http:\/\/www.levriers-du-sud.org\/site\/wp-content\/uploads\/2010\/07\/MAMI-GALGA-Y-CACHORROS-AGOSTO07.jpg\"><img loading=\"lazy\" decoding=\"async\" class=\"alignnone size-full wp-image-1058\" title=\"MAMI-GALGA-Y-CACHORROS-AGOSTO07\" src=\"http:\/\/www.levriers-du-sud.org\/site\/wp-content\/uploads\/2010\/07\/MAMI-GALGA-Y-CACHORROS-AGOSTO07.jpg\" alt=\"\" width=\"272\" height=\"204\" \/><\/a><\/p>\n<p>Si les galgos sont trouv\u00e9s par des b\u00e9n\u00e9voles de refuge, ils ont une petite chance d&rsquo;\u00e9chapper \u00e0 leur sort terrible. Car si c&rsquo;est la police qui les r\u00e9cup\u00e8re, ils vont finir dans une perrera ( fourri\u00e8re ), lieu souvent surpeupl\u00e9 et insalubre..; La perrera c&rsquo;est l&rsquo;antichambre de la mort, ils y seront gaz\u00e9s au bout de 14 jours, d\u00e9lai l\u00e9gal, sans aucun soin, \u00e0 peine nourris, et dans des conditions de vie horribles.<\/p>\n<p><img loading=\"lazy\" decoding=\"async\" class=\"alignnone size-full wp-image-1065\" title=\"galgo perrera\" src=\"http:\/\/www.levriers-du-sud.org\/site\/wp-content\/uploads\/2010\/07\/galgo-perrera.jpg\" alt=\"\" width=\"197\" height=\"228\" srcset=\"https:\/\/www.levriers-du-sud.org\/site\/wp-content\/uploads\/2010\/07\/galgo-perrera.jpg 280w, https:\/\/www.levriers-du-sud.org\/site\/wp-content\/uploads\/2010\/07\/galgo-perrera-260x300.jpg 260w\" sizes=\"auto, (max-width: 197px) 100vw, 197px\" \/> <img loading=\"lazy\" decoding=\"async\" class=\"alignnone size-full wp-image-1066\" title=\"galgos perrera2\" src=\"http:\/\/www.levriers-du-sud.org\/site\/wp-content\/uploads\/2010\/07\/galgos-perrera2.jpg\" alt=\"\" width=\"304\" height=\"227\" \/><\/p>\n<p>Cela n&rsquo;est h\u00e9las qu&rsquo;une infime partie de la barbarie humaine envers les galgos et les podencos en Espagne. Ces chiens ne sont pas consid\u00e9r\u00e9s comme des \u00eatres vivants, m\u00eame moins importants qu&rsquo;un outil ou une chose.. Ils ont peu de chance de trouver des adoptants en Espagne o\u00f9 ils ne sont pas consid\u00e9r\u00e9s comme des chiens de compagnie. Seul 10% d&rsquo;entre eux auront une chance de trouver une adoption en Europe via les associations de sauvetages.<\/p>\n<p>La maltraitance animale en Espagne ne s&rsquo;arr\u00eate pas aux seuls l\u00e9vriers.. Tous les jours, des centaines de chats et de chiens sont tortur\u00e9s, mutil\u00e9s, br\u00fbl\u00e9s &#8230; L&rsquo;Espagne, l&rsquo;enfer pour les animaux, n&rsquo;a pas fini de faire parler d&rsquo;elle&#8230;<\/p>\n<p><strong>Ces images peuvent \u00eatre choquantes, \u00e0 ne pas laisser regarder par un public sensible.<\/strong><\/p>\n<p>Les v\u00e9rit\u00e9s sur les perreras en Espagne. Le sort des galgos et la mis\u00e9reuse vie qu&rsquo;est la leur. La perrera de Olivenza est celle d&rsquo;o\u00f9 est sortie Sophia une galga blanche sur notre site. Nous ne sommes qu&rsquo;en Novembre et d\u00e9j\u00e0 de nombreux chiens\u00a0 arrivent, \u00ab\u00a0les mauvais chasseurs\u00a0\u00bb sont vite rejet\u00e9s. Et ils finissent \u00e0 la perrera o\u00f9 ils seront gaz\u00e9s dans les cris de douleurs des autres qui les voient partir.<br \/>\nDes endroits sordides o\u00f9 les croquettes se font rares ou sont pour les plus forts.<br \/>\nLes soins pas difficiles ,il n&rsquo;y en a pas.<br \/>\nEt pourquoi personne ne voit cela, le sort de ces chiens sacrifi\u00e9s par la b\u00eatise humaine.<br \/>\nPourquoi personne ne voit le galgo souffrir et son cousin le podenco aussi.<br \/>\nVoila notre combat, celui de sortir ces chiens d&rsquo;Espagne et aussi d&rsquo;essayer de toucher les gens pour que le message passe et que quelqu&rsquo;un d&rsquo;un peu plus puissant que notre petite association puisse faire quelque chose pour eux. Nous chercherons cette personne et notre combat continue.<br \/>\nEn janvier, \u00e0 la fin de la saison de\u00a0 chasse , les chiens vont arriver par millier. Ce mois de l&rsquo;ann\u00e9e est le pire pour les galgos.<\/p>\n","protected":false},"excerpt":{"rendered":"<p>Il est malheureusement n\u00e9cessaire, afin de mieux faire conna\u00eetre le sort des l\u00e9vriers en Espagne, de montrer ici la dure r\u00e9alit\u00e9. Attention, certaines images sont insoutenables. Comment imaginer de telles monstruosit\u00e9s ? Chaque ann\u00e9e, ce sont plus de 50 000 galgos et podencos qui sont massacr\u00e9s. La tradition veut que les galgos soient pendus, les [&hellip;]<\/p>\n","protected":false},"author":1,"featured_media":0,"parent":0,"menu_order":0,"comment_status":"open","ping_status":"open","template":"","meta":{"footnotes":""},"class_list":["post-1173","page","type-page","status-publish","hentry"],"aioseo_notices":[],"_links":{"self":[{"href":"https:\/\/www.levriers-du-sud.org\/site\/wp-json\/wp\/v2\/pages\/1173","targetHints":{"allow":["GET"]}}],"collection":[{"href":"https:\/\/www.levriers-du-sud.org\/site\/wp-json\/wp\/v2\/pages"}],"about":[{"href":"https:\/\/www.levriers-du-sud.org\/site\/wp-json\/wp\/v2\/types\/page"}],"author":[{"embeddable":true,"href":"https:\/\/www.levriers-du-sud.org\/site\/wp-json\/wp\/v2\/users\/1"}],"replies":[{"embeddable":true,"href":"https:\/\/www.levriers-du-sud.org\/site\/wp-json\/wp\/v2\/comments?post=1173"}],"version-history":[{"count":1,"href":"https:\/\/www.levriers-du-sud.org\/site\/wp-json\/wp\/v2\/pages\/1173\/revisions"}],"predecessor-version":[{"id":51235,"href":"https:\/\/www.levriers-du-sud.org\/site\/wp-json\/wp\/v2\/pages\/1173\/revisions\/51235"}],"wp:attachment":[{"href":"https:\/\/www.levriers-du-sud.org\/site\/wp-json\/wp\/v2\/media?parent=1173"}],"curies":[{"name":"wp","href":"https:\/\/api.w.org\/{rel}","templated":true}]}}