{"id":196,"date":"2010-07-22T09:47:09","date_gmt":"2010-07-22T09:47:09","guid":{"rendered":"http:\/\/levriers-du-sud.org\/site\/"},"modified":"2010-10-27T10:58:45","modified_gmt":"2010-10-27T10:58:45","slug":"petitions","status":"publish","type":"page","link":"https:\/\/www.levriers-du-sud.org\/site\/petitions\/","title":{"rendered":"P\u00e9titions"},"content":{"rendered":"<p>Dans cette rubrique, toutes les p\u00e9titions \u00e0 signer contre la cruaut\u00e9 envers les animaux.<br \/>\nil est vrai que cela peut para\u00eetre long de signer autant de p\u00e9titions, mais n&rsquo;oubliez pas que quand elles aboutissent, elles sauvent des centaines de milliers d&rsquo;animaux.<\/p>\n<p><strong>&#8211; Lettre adress\u00e9e au 1er ministre espagnol ! Stop \u00e0 la cruaut\u00e9 envers les galgos espagnols !<\/strong><br \/>\n<a href=\"http:\/\/www.thepetitionsite.com\/18\/stop-cruelty-to-spanish-greyhounds-galgos\">http:\/\/www.thepetitionsite.com\/18\/stop-cruelty-to-spanish-greyhounds-galgos<\/a><\/p>\n<p><strong>&#8211; Signer celle ci pour les galgos.<\/strong><br \/>\n<a href=\"http:\/\/www.30millionsdamis.fr\/agir-pour-les-animaux\/petitions\/signer-petition\/petition-signature\/18.html\">http:\/\/www.30millionsdamis.fr\/agir-pour-les-animaux\/petitions\/signer-petition\/petition-signature\/18.html<\/a><\/p>\n<p><strong>&#8211; Protestez contre le massacre des chiens bulgares !!!<\/strong><br \/>\n<a href=\"http:\/\/protest.docs4dogs.org\/ \">http:\/\/protest.docs4dogs.org\/ <\/a><\/p>\n<p><strong>&#8211; Contre les cirques utilisant des animaux <\/strong><br \/>\n<a href=\"http:\/\/www.30millionsdamis.fr\/agir-pour-les-animaux\/petitions\/signer-petition\/petition-signature\/20.html \">http:\/\/www.30millionsdamis.fr\/agir-pour-les-animaux\/petitions\/signer-petition\/petition-signature\/20.html <\/a><\/p>\n<p><strong>&#8211; Soutenez la D\u00e9claration universelle pour le bien-\u00eatre animal<\/strong><br \/>\n<a href=\"http:\/\/www.animalsmatter.org\/\">http:\/\/www.animalsmatter.org\/<\/a><\/p>\n<p><strong>&#8211; Contre la fourrure une bonne fois pour toutes<\/strong><br \/>\n<a href=\"http:\/\/www.fourrure-torture.com\/petition-anti-fourrure.html \">http:\/\/www.fourrure-torture.com\/petition-anti-fourrure.html <\/a><\/p>\n<p><strong>&#8211; Stop aux exp\u00e9riences sur les animaux<\/strong><br \/>\n<a href=\"http:\/\/www.lapetition.com\/sign1.cfm?numero=1226\">http:\/\/www.lapetition.com\/sign1.cfm?numero=1226<\/a><br \/>\nou<br \/>\n<a href=\"http:\/\/www.30millionsdamis.fr\/agir-pour-les-animaux\/petitions\/signer-petition\/petition-signature\/16.html\">http:\/\/www.30millionsdamis.fr\/agir-pour-les-animaux\/petitions\/signer-petition\/petition-signature\/16.html<\/a><\/p>\n<p><strong>&#8211; Stop au massacre des dauphins <\/strong><br \/>\n<a href=\"http:\/\/www.thepetitionsite.com\/1\/incredible-risso39s-dolphin-massacre \">http:\/\/www.thepetitionsite.com\/1\/incredible-risso39s-dolphin-massacre <\/a><\/p>\n<p><strong>&#8211; Petition pour un nouveau statut juridique des animaux <\/strong><br \/>\n<a href=\"http:\/\/www.30millionsdamis.fr\/agir-pour-les-animaux\/petitions\/signer-petition\/pour-un-nouveau-statut-juridique-de-lanimal-22.html\">http:\/\/www.30millionsdamis.fr\/agir-pour-les-animaux\/petitions\/signer-petition\/pour-un-nouveau-statut-juridique-de-lanimal-22.html<\/a><\/p>\n","protected":false},"excerpt":{"rendered":"<p>Dans cette rubrique, toutes les p\u00e9titions \u00e0 signer contre la cruaut\u00e9 envers les animaux. il est vrai que cela peut para\u00eetre long de signer autant de p\u00e9titions, mais n&rsquo;oubliez pas que quand elles aboutissent, elles sauvent des centaines de milliers d&rsquo;animaux. &#8211; Lettre adress\u00e9e au 1er ministre espagnol ! Stop \u00e0 la cruaut\u00e9 envers les [&hellip;]<\/p>\n","protected":false},"author":1,"featured_media":0,"parent":0,"menu_order":0,"comment_status":"open","ping_status":"open","template":"","meta":{"footnotes":""},"class_list":["post-196","page","type-page","status-publish","hentry"],"aioseo_notices":[],"_links":{"self":[{"href":"https:\/\/www.levriers-du-sud.org\/site\/wp-json\/wp\/v2\/pages\/196","targetHints":{"allow":["GET"]}}],"collection":[{"href":"https:\/\/www.levriers-du-sud.org\/site\/wp-json\/wp\/v2\/pages"}],"about":[{"href":"https:\/\/www.levriers-du-sud.org\/site\/wp-json\/wp\/v2\/types\/page"}],"author":[{"embeddable":true,"href":"https:\/\/www.levriers-du-sud.org\/site\/wp-json\/wp\/v2\/users\/1"}],"replies":[{"embeddable":true,"href":"https:\/\/www.levriers-du-sud.org\/site\/wp-json\/wp\/v2\/comments?post=196"}],"version-history":[{"count":0,"href":"https:\/\/www.levriers-du-sud.org\/site\/wp-json\/wp\/v2\/pages\/196\/revisions"}],"wp:attachment":[{"href":"https:\/\/www.levriers-du-sud.org\/site\/wp-json\/wp\/v2\/media?parent=196"}],"curies":[{"name":"wp","href":"https:\/\/api.w.org\/{rel}","templated":true}]}}