{"id":33689,"date":"2015-12-30T11:19:03","date_gmt":"2015-12-30T10:19:03","guid":{"rendered":"http:\/\/www.levriers-du-sud.org\/site\/?page_id=33689"},"modified":"2025-12-30T16:26:39","modified_gmt":"2025-12-30T14:26:39","slug":"mentions-legales","status":"publish","type":"page","link":"https:\/\/www.levriers-du-sud.org\/site\/mentions-legales\/","title":{"rendered":"Mentions l\u00e9gales et RGPD"},"content":{"rendered":"<h3>Informations l\u00e9gales<\/h3>\n<p><strong>\u00c9DITEUR<\/strong><br \/>\nRAISON SOCIALE : Levriers du Sud<br \/>\nFORME SOCIALE : Association sans but lucratif<br \/>\nSIEGE SOCIAL : 584 Route de la Lucate \u00ab La p\u00e9nardi\u00e8re \u00bb40160 Parentis en Born<br \/>\nN\u00b0 SIRET : 753 407 741 00010<br \/>\nN\u00b0 DE TELEPHONE : 07 70 08 39 79<br \/>\nRESPONSABLE DE PUBLICATION : LEVRIERS DU SUD<\/p>\n<p><strong>HEBERGEUR<\/strong><br \/>\nRAISON SOCIALE : OVH<br \/>\nADRESSE : 140 quai du sartel &#8211; 59100 ROUBAIX<br \/>\nCAPITAL : 500.000,00 \u20ac<br \/>\nRCS RCS : RCS Roubaix-Tourcoing b 424 761 419<br \/>\nN\u00b0 DE TELEPHONE :08 203 203 63<\/p>\n<h3>Collecte d&rsquo;informations<\/h3>\n<p>Conform\u00e9ment a l&rsquo;article 32 de la loi n\u00b0 2004-801 du 6 aout 2004 relative a la protection des personnes physiques a l&rsquo;\u00e9gard des traitements de donn\u00e9es a caract\u00e8re personnel et modifiant la loi n\u00b078-17 du 6 janvier 1978 relative a l&rsquo;informatique, aux fichiers et aux libert\u00e9s. Vous disposez d&rsquo;un droit d&rsquo;acc\u00e8s, de modification et de suppression des informations vous concernant a exercer \u00e0 tout moment aupr\u00e8s de l&rsquo;association.<\/p>\n<p>Le site internet est susceptible d&rsquo;utiliser des cookies qui ne sont pas destin\u00e9s a collecter des informations personnelles sur le profil ou le comportement de l&rsquo;utilisateur, mais \u00e0 des fins de navigation et de statistiques d&rsquo;utilisation.<\/p>\n<p><strong>COOKIES<\/strong><br \/>\nDes donn\u00e9es non personnelles sont collect\u00e9es lors de votre navigation, par un syst\u00e8me de cookies, \u00e0 des fins statistiques. Un cookie ne permet pas de vous identifier mais sert \u00e0 enregistrer des informations relatives votre navigation sur le site Internet. (pages consult\u00e9es, date et l\u2019heure de consultation,etc).<br \/>\nIls ont pour seul but de nous aider \u00e0 am\u00e9liorer le site. Vous pouvez vous opposer \u00e0 l\u2019enregistrement de cookies en configurant votre navigateur selon les modalit\u00e9s d\u00e9taill\u00e9es sur le site de la Commission Nationale Informatique et Libert\u00e9s (www.cnil.fr).<\/p>\n<p><strong>PROTECTION DES DONNEES PERSONNELLES<\/strong><br \/>\nEn application de la Loi n\u00b0 78-17 du 6 janvier 1978 relative \u00e0 l&rsquo;Informatique, aux Fichiers et aux Libert\u00e9s, vous disposez des droits d&rsquo;opposition (art. 26 de la loi), d&rsquo;acc\u00e8s (art.34 \u00e0 38 de la loi) et de rectification (art. 36 de la loi) des donn\u00e9es vous concernant. Ainsi, vous pouvez nous contacter pour que soient rectifi\u00e9es, compl\u00e9t\u00e9es, mises \u00e0 jour ou effac\u00e9es les informations vous concernant qui sont inexactes, incompl\u00e8tes, \u00e9quivoques, p\u00e9rim\u00e9es ou dont la collecte ou l&rsquo;utilisation, la communication ou la conservation est interdite.<br \/>\nLes informations qui vous concernent sont uniquement destin\u00e9es \u00e0 la L\u00e9vriers du Sud. Nous ne transmettons ces informations \u00e0 aucuns tiers (partenaires commerciaux, etc).<br \/>\nL\u00e9vriers du Sud s\u2019engage pour que le site Internet www.levriers-du-sud.org soit accessible \u00e0 tout moment. L\u00e9vriers du Sud d\u00e9cline toute responsabilit\u00e9 en cas de difficult\u00e9 d&rsquo;acc\u00e8s \u00e0 son site ou d&rsquo;interruptions dans la connexion, quelles qu&rsquo;en soient les causes. L\u00e9vriers du Sud se r\u00e9serve le droit de proc\u00e9der \u00e0 toute modification du site, et cela sans avertissement pr\u00e9alable.<\/p>\n<h3>Protection du contenu<\/h3>\n<p>Toute repr\u00e9sentation ou reproduction int\u00e9grale ou partielle faite sans le consentement de l&rsquo;auteur ou de ses ayants droit ou ayants cause est illicite. Il en est de m\u00eame pour la traduction, l&rsquo;adaptation ou la transformation, l&rsquo;arrangement ou la reproduction par un art ou un proc\u00e9d\u00e9 quelconque. Ils peuvent \u00e9galement, s&rsquo;ils le souhaitent, signaler que les contenus peuvent \u00eatre reproduits, mais avec mention de la source et \u00e9ventuellement un lien pointant vers le contenu original.<\/p>\n<p>En cas de publication de propos diffamatoires, le pr\u00e9sident n&rsquo;est responsable des commentaires des internautes que s&rsquo;il a eu connaissance de leur contenu avant leur mise en ligne, ou s&rsquo;il n&rsquo;a pas agi promptement pour les retirer d\u00e8s qu&rsquo;il en a eu connaissance.<\/p>\n<h3>Limites de responsabilit\u00e9s<\/h3>\n<p>Alors que nous avons effectu\u00e9 toutes les d\u00e9marches pour nous assurer de la fiabilit\u00e9 des informations contenues sur ce site internet, l&rsquo;association L\u00e9vriers du sud ne peut encourir aucune responsabilit\u00e9 du fait d&rsquo;erreurs, d&rsquo;omissions, ou pour les r\u00e9sultats qui pourraient \u00eatre obtenus par l&rsquo;usage de ces informations.<\/p>\n<p>MEDIATEUR A LA CONSOMMATION MEDIAVET<\/p>\n<p>\u00ab\u00a0Conform\u00e9ment aux articles L. 616-1 et R.616. du code de la consommation , le client\u00a0 peut saisir gratuitement le m\u00e9diateur de la consommation dont rel\u00e8ve MEDIAVET &#8211; https\/\/mediavet.net-\u00a0 convention n\u00b0 MEDIAVET-D 25-5485<\/p>\n","protected":false},"excerpt":{"rendered":"<p>Informations l\u00e9gales \u00c9DITEUR RAISON SOCIALE : Levriers du Sud FORME SOCIALE : Association sans but lucratif SIEGE SOCIAL : 584 Route de la Lucate \u00ab La p\u00e9nardi\u00e8re \u00bb40160 Parentis en Born N\u00b0 SIRET : 753 407 741 00010 N\u00b0 DE TELEPHONE : 07 70 08 39 79 RESPONSABLE DE PUBLICATION : LEVRIERS DU SUD HEBERGEUR [&hellip;]<\/p>\n","protected":false},"author":1,"featured_media":0,"parent":0,"menu_order":0,"comment_status":"closed","ping_status":"closed","template":"","meta":{"footnotes":""},"class_list":["post-33689","page","type-page","status-publish","hentry"],"aioseo_notices":[],"_links":{"self":[{"href":"https:\/\/www.levriers-du-sud.org\/site\/wp-json\/wp\/v2\/pages\/33689","targetHints":{"allow":["GET"]}}],"collection":[{"href":"https:\/\/www.levriers-du-sud.org\/site\/wp-json\/wp\/v2\/pages"}],"about":[{"href":"https:\/\/www.levriers-du-sud.org\/site\/wp-json\/wp\/v2\/types\/page"}],"author":[{"embeddable":true,"href":"https:\/\/www.levriers-du-sud.org\/site\/wp-json\/wp\/v2\/users\/1"}],"replies":[{"embeddable":true,"href":"https:\/\/www.levriers-du-sud.org\/site\/wp-json\/wp\/v2\/comments?post=33689"}],"version-history":[{"count":8,"href":"https:\/\/www.levriers-du-sud.org\/site\/wp-json\/wp\/v2\/pages\/33689\/revisions"}],"predecessor-version":[{"id":59061,"href":"https:\/\/www.levriers-du-sud.org\/site\/wp-json\/wp\/v2\/pages\/33689\/revisions\/59061"}],"wp:attachment":[{"href":"https:\/\/www.levriers-du-sud.org\/site\/wp-json\/wp\/v2\/media?parent=33689"}],"curies":[{"name":"wp","href":"https:\/\/api.w.org\/{rel}","templated":true}]}}