{"id":34637,"date":"2016-04-07T11:50:34","date_gmt":"2016-04-07T09:50:34","guid":{"rendered":"http:\/\/www.levriers-du-sud.org\/site\/?page_id=34637"},"modified":"2016-04-07T11:56:20","modified_gmt":"2016-04-07T09:56:20","slug":"formulaire-famille-daccueil","status":"publish","type":"page","link":"https:\/\/www.levriers-du-sud.org\/site\/formulaire-famille-daccueil\/","title":{"rendered":"Formulaire famille d&rsquo;accueil"},"content":{"rendered":"\n<div class=\"wpcf7 no-js\" id=\"wpcf7-f34639-o1\" lang=\"fr-FR\" dir=\"ltr\" data-wpcf7-id=\"34639\">\n<div class=\"screen-reader-response\"><p role=\"status\" aria-live=\"polite\" aria-atomic=\"true\"><\/p> <ul><\/ul><\/div>\n<form action=\"\/site\/wp-json\/wp\/v2\/pages\/34637#wpcf7-f34639-o1\" method=\"post\" class=\"wpcf7-form init\" aria-label=\"Formulaire de contact\" novalidate=\"novalidate\" data-status=\"init\">\n<fieldset class=\"hidden-fields-container\"><input type=\"hidden\" name=\"_wpcf7\" value=\"34639\" \/><input type=\"hidden\" name=\"_wpcf7_version\" value=\"6.1.6\" \/><input type=\"hidden\" name=\"_wpcf7_locale\" value=\"fr_FR\" \/><input type=\"hidden\" name=\"_wpcf7_unit_tag\" value=\"wpcf7-f34639-o1\" \/><input type=\"hidden\" name=\"_wpcf7_container_post\" value=\"0\" \/><input type=\"hidden\" name=\"_wpcf7_posted_data_hash\" value=\"\" \/>\n<\/fieldset>\n<p><strong>Mes coordonn\u00e9es<\/strong>\n<\/p>\n<p>Nom (obligatoire)<span class=\"wpcf7-form-control-wrap\" data-name=\"Nom\"><input size=\"40\" maxlength=\"400\" class=\"wpcf7-form-control wpcf7-text wpcf7-validates-as-required\" aria-required=\"true\" aria-invalid=\"false\" value=\"\" type=\"text\" name=\"Nom\" \/><\/span><br \/>\nPr\u00e9nom (obligatoire)<span class=\"wpcf7-form-control-wrap\" data-name=\"Prenom\"><input size=\"40\" maxlength=\"400\" class=\"wpcf7-form-control wpcf7-text wpcf7-validates-as-required\" aria-required=\"true\" aria-invalid=\"false\" value=\"\" type=\"text\" name=\"Prenom\" \/><\/span><br \/>\nAdresse (obligatoire)<br \/>\n<span class=\"wpcf7-form-control-wrap\" data-name=\"Adresse\"><textarea cols=\"40\" rows=\"10\" maxlength=\"2000\" class=\"wpcf7-form-control wpcf7-textarea wpcf7-validates-as-required\" aria-required=\"true\" aria-invalid=\"false\" name=\"Adresse\"><\/textarea><\/span><br \/>\nEmail (obligatoire) <span class=\"wpcf7-form-control-wrap\" data-name=\"Email\"><input size=\"40\" maxlength=\"400\" class=\"wpcf7-form-control wpcf7-email wpcf7-validates-as-required wpcf7-text wpcf7-validates-as-email\" aria-required=\"true\" aria-invalid=\"false\" value=\"\" type=\"email\" name=\"Email\" \/><\/span><br \/>\nT\u00e9l\u00e9phone Fixe <span class=\"wpcf7-form-control-wrap\" data-name=\"TelephoneFixe\"><input size=\"40\" maxlength=\"400\" class=\"wpcf7-form-control wpcf7-tel wpcf7-text wpcf7-validates-as-tel\" aria-invalid=\"false\" value=\"\" type=\"tel\" name=\"TelephoneFixe\" \/><\/span><br \/>\nPortable <span class=\"wpcf7-form-control-wrap\" data-name=\"Telephonemobile\"><input size=\"40\" maxlength=\"400\" class=\"wpcf7-form-control wpcf7-tel wpcf7-text wpcf7-validates-as-tel\" aria-invalid=\"false\" value=\"\" type=\"tel\" name=\"Telephonemobile\" \/><\/span>\n<\/p>\n<p><strong>La Famille<\/strong>\n<\/p>\n<p>Nombre de personnes vivant au foyer <span class=\"wpcf7-form-control-wrap\" data-name=\"text-6\"><input size=\"40\" maxlength=\"400\" class=\"wpcf7-form-control wpcf7-text\" aria-invalid=\"false\" value=\"\" type=\"text\" name=\"text-6\" \/><\/span><br \/>\nMonsieur <span class=\"wpcf7-form-control-wrap\" data-name=\"monsieur\"><input size=\"40\" maxlength=\"400\" class=\"wpcf7-form-control wpcf7-text\" aria-invalid=\"false\" value=\"\" type=\"text\" name=\"monsieur\" \/><\/span><br \/>\nAge <span class=\"wpcf7-form-control-wrap\" data-name=\"agemonsieur\"><input size=\"40\" maxlength=\"400\" class=\"wpcf7-form-control wpcf7-text\" aria-invalid=\"false\" value=\"\" type=\"text\" name=\"agemonsieur\" \/><\/span>\n<\/p>\n<p>Madame <span class=\"wpcf7-form-control-wrap\" data-name=\"madame\"><input size=\"40\" maxlength=\"400\" class=\"wpcf7-form-control wpcf7-text\" aria-invalid=\"false\" value=\"\" type=\"text\" name=\"madame\" \/><\/span><br \/>\nAge <span class=\"wpcf7-form-control-wrap\" data-name=\"agemadame\"><input size=\"40\" maxlength=\"400\" class=\"wpcf7-form-control wpcf7-text\" aria-invalid=\"false\" value=\"\" type=\"text\" name=\"agemadame\" \/><\/span>\n<\/p>\n<p>Nombre d'enfants <span class=\"wpcf7-form-control-wrap\" data-name=\"nombreenfants\"><input size=\"40\" maxlength=\"400\" class=\"wpcf7-form-control wpcf7-text\" aria-invalid=\"false\" value=\"\" type=\"text\" name=\"nombreenfants\" \/><\/span><br \/>\nAges <span class=\"wpcf7-form-control-wrap\" data-name=\"agesenfants\"><input size=\"40\" maxlength=\"400\" class=\"wpcf7-form-control wpcf7-text\" aria-invalid=\"false\" value=\"\" type=\"text\" name=\"agesenfants\" \/><\/span>\n<\/p>\n<p>Quelqu\u2019un de la famille souffre t-il de maladie pouvant \u00eatre en rapport avec les animaux type asthme, allergie <span class=\"wpcf7-form-control-wrap\" data-name=\"allergies\"><span class=\"wpcf7-form-control wpcf7-radio\"><span class=\"wpcf7-list-item first\"><input type=\"radio\" name=\"allergies\" value=\"Oui\" checked=\"checked\" \/><span class=\"wpcf7-list-item-label\">Oui<\/span><\/span><span class=\"wpcf7-list-item last\"><input type=\"radio\" name=\"allergies\" value=\"Non\" \/><span class=\"wpcf7-list-item-label\">Non<\/span><\/span><\/span><\/span>\n<\/p>\n<p>Si oui, lesquelles <span class=\"wpcf7-form-control-wrap\" data-name=\"maladiesoui\"><input size=\"40\" maxlength=\"400\" class=\"wpcf7-form-control wpcf7-text\" aria-invalid=\"false\" value=\"\" type=\"text\" name=\"maladiesoui\" \/><\/span>\n<\/p>\n<p>Les membres de la famille sont-ils tous d\u2019accord pour adopter un l\u00e9vrier <span class=\"wpcf7-form-control-wrap\" data-name=\"accord\"><span class=\"wpcf7-form-control wpcf7-radio\"><span class=\"wpcf7-list-item first\"><input type=\"radio\" name=\"accord\" value=\"Oui\" checked=\"checked\" \/><span class=\"wpcf7-list-item-label\">Oui<\/span><\/span><span class=\"wpcf7-list-item last\"><input type=\"radio\" name=\"accord\" value=\"Non\" \/><span class=\"wpcf7-list-item-label\">Non<\/span><\/span><\/span><\/span>\n<\/p>\n<p>Si non, pourquoi <span class=\"wpcf7-form-control-wrap\" data-name=\"accordnon\"><input size=\"40\" maxlength=\"400\" class=\"wpcf7-form-control wpcf7-text\" aria-invalid=\"false\" value=\"\" type=\"text\" name=\"accordnon\" \/><\/span>\n<\/p>\n<p>Votre lieu de vie : o\u00f9 vivez-vous ?<br \/>\n<span class=\"wpcf7-form-control-wrap\" data-name=\"campagne\"><span class=\"wpcf7-form-control wpcf7-checkbox\"><span class=\"wpcf7-list-item first last\"><input type=\"checkbox\" name=\"campagne[]\" value=\"\u00e0 la campagne\" \/><span class=\"wpcf7-list-item-label\">\u00e0 la campagne<\/span><\/span><\/span><\/span><span class=\"wpcf7-form-control-wrap\" data-name=\"ville\"><span class=\"wpcf7-form-control wpcf7-checkbox\"><span class=\"wpcf7-list-item first last\"><input type=\"checkbox\" name=\"ville[]\" value=\"en ville\" \/><span class=\"wpcf7-list-item-label\">en ville<\/span><\/span><\/span><\/span><span class=\"wpcf7-form-control-wrap\" data-name=\"banlieue\"><span class=\"wpcf7-form-control wpcf7-checkbox\"><span class=\"wpcf7-list-item first last\"><input type=\"checkbox\" name=\"banlieue[]\" value=\"en banlieue\" \/><span class=\"wpcf7-list-item-label\">en banlieue<\/span><\/span><\/span><\/span><br \/>\n<span class=\"wpcf7-form-control-wrap\" data-name=\"maison\"><span class=\"wpcf7-form-control wpcf7-checkbox\"><span class=\"wpcf7-list-item first last\"><input type=\"checkbox\" name=\"maison[]\" value=\"en maison\" \/><span class=\"wpcf7-list-item-label\">en maison<\/span><\/span><\/span><\/span><span class=\"wpcf7-form-control-wrap\" data-name=\"appartement\"><span class=\"wpcf7-form-control wpcf7-checkbox\"><span class=\"wpcf7-list-item first last\"><input type=\"checkbox\" name=\"appartement[]\" value=\"en appartement\" \/><span class=\"wpcf7-list-item-label\">en appartement<\/span><\/span><\/span><\/span><br \/>\nautre (pr\u00e9cisez) <span class=\"wpcf7-form-control-wrap\" data-name=\"autrelieu\"><input size=\"40\" maxlength=\"400\" class=\"wpcf7-form-control wpcf7-text\" aria-invalid=\"false\" value=\"\" type=\"text\" name=\"autrelieu\" \/><\/span>\n<\/p>\n<p>Avez-vous un jardin <span class=\"wpcf7-form-control-wrap\" data-name=\"jardin\"><span class=\"wpcf7-form-control wpcf7-radio\"><span class=\"wpcf7-list-item first\"><input type=\"radio\" name=\"jardin\" value=\"Oui\" checked=\"checked\" \/><span class=\"wpcf7-list-item-label\">Oui<\/span><\/span><span class=\"wpcf7-list-item last\"><input type=\"radio\" name=\"jardin\" value=\"Non\" \/><span class=\"wpcf7-list-item-label\">Non<\/span><\/span><\/span><\/span><br \/>\nSuperficie <span class=\"wpcf7-form-control-wrap\" data-name=\"Superficie\"><input size=\"40\" maxlength=\"400\" class=\"wpcf7-form-control wpcf7-text\" aria-invalid=\"false\" value=\"\" type=\"text\" name=\"Superficie\" \/><\/span>\n<\/p>\n<p>Le jardin est-il cl\u00f4tur\u00e9 <span class=\"wpcf7-form-control-wrap\" data-name=\"cloture\"><span class=\"wpcf7-form-control wpcf7-checkbox\"><span class=\"wpcf7-list-item first\"><input type=\"checkbox\" name=\"cloture[]\" value=\"Oui\" \/><span class=\"wpcf7-list-item-label\">Oui<\/span><\/span><span class=\"wpcf7-list-item last\"><input type=\"checkbox\" name=\"cloture[]\" value=\"Non\" \/><span class=\"wpcf7-list-item-label\">Non<\/span><\/span><\/span><\/span><br \/>\nHauteur de la cl\u00f4ture <span class=\"wpcf7-form-control-wrap\" data-name=\"hauteurcloture\"><input size=\"40\" maxlength=\"400\" class=\"wpcf7-form-control wpcf7-text\" aria-invalid=\"false\" value=\"\" type=\"text\" name=\"hauteurcloture\" \/><\/span><br \/>\nHauteur du portail <span class=\"wpcf7-form-control-wrap\" data-name=\"hauteurportail\"><input size=\"40\" maxlength=\"400\" class=\"wpcf7-form-control wpcf7-text\" aria-invalid=\"false\" value=\"\" type=\"text\" name=\"hauteurportail\" \/><\/span>\n<\/p>\n<p><strong>Les animaux de la maison<\/strong>\n<\/p>\n<p>Avez-vous des animaux de compagnie <span class=\"wpcf7-form-control-wrap\" data-name=\"animauxcompagnie\"><span class=\"wpcf7-form-control wpcf7-radio\"><span class=\"wpcf7-list-item first\"><input type=\"radio\" name=\"animauxcompagnie\" value=\"Oui\" checked=\"checked\" \/><span class=\"wpcf7-list-item-label\">Oui<\/span><\/span><span class=\"wpcf7-list-item last\"><input type=\"radio\" name=\"animauxcompagnie\" value=\"Non\" \/><span class=\"wpcf7-list-item-label\">Non<\/span><\/span><\/span><\/span><br \/>\nLesquels <span class=\"wpcf7-form-control-wrap\" data-name=\"Lesquels\"><input size=\"40\" maxlength=\"400\" class=\"wpcf7-form-control wpcf7-text\" aria-invalid=\"false\" value=\"\" type=\"text\" name=\"Lesquels\" \/><\/span><br \/>\nDe quel \u00e2ge <span class=\"wpcf7-form-control-wrap\" data-name=\"Dequelge\"><input size=\"40\" maxlength=\"400\" class=\"wpcf7-form-control wpcf7-text\" aria-invalid=\"false\" value=\"\" type=\"text\" name=\"Dequelge\" \/><\/span><br \/>\nSont-ils st\u00e9rilis\u00e9s <span class=\"wpcf7-form-control-wrap\" data-name=\"Sont-ilsstriliss\"><span class=\"wpcf7-form-control wpcf7-checkbox\"><span class=\"wpcf7-list-item first\"><input type=\"checkbox\" name=\"Sont-ilsstriliss[]\" value=\"Oui\" \/><span class=\"wpcf7-list-item-label\">Oui<\/span><\/span><span class=\"wpcf7-list-item last\"><input type=\"checkbox\" name=\"Sont-ilsstriliss[]\" value=\"Non\" \/><span class=\"wpcf7-list-item-label\">Non<\/span><\/span><\/span><\/span><br \/>\nVaccin\u00e9s <span class=\"wpcf7-form-control-wrap\" data-name=\"Vaccins\"><span class=\"wpcf7-form-control wpcf7-checkbox\"><span class=\"wpcf7-list-item first\"><input type=\"checkbox\" name=\"Vaccins[]\" value=\"Oui\" \/><span class=\"wpcf7-list-item-label\">Oui<\/span><\/span><span class=\"wpcf7-list-item last\"><input type=\"checkbox\" name=\"Vaccins[]\" value=\"Non\" \/><span class=\"wpcf7-list-item-label\">Non<\/span><\/span><\/span><\/span><br \/>\nIdentifi\u00e9s <span class=\"wpcf7-form-control-wrap\" data-name=\"dentifis\"><span class=\"wpcf7-form-control wpcf7-checkbox\"><span class=\"wpcf7-list-item first\"><input type=\"checkbox\" name=\"dentifis[]\" value=\"Oui\" \/><span class=\"wpcf7-list-item-label\">Oui<\/span><\/span><span class=\"wpcf7-list-item last\"><input type=\"checkbox\" name=\"dentifis[]\" value=\"Non\" \/><span class=\"wpcf7-list-item-label\">Non<\/span><\/span><\/span><\/span><br \/>\nLesquels sont st\u00e9rilis\u00e9s <span class=\"wpcf7-form-control-wrap\" data-name=\"Lesquelssontstriliss\"><input size=\"40\" maxlength=\"400\" class=\"wpcf7-form-control wpcf7-text\" aria-invalid=\"false\" value=\"\" type=\"text\" name=\"Lesquelssontstriliss\" \/><\/span><br \/>\nDepuis combien de temps les avez-vous <span class=\"wpcf7-form-control-wrap\" data-name=\"Depuiscombiendetempslesavez-vous\"><input size=\"40\" maxlength=\"400\" class=\"wpcf7-form-control wpcf7-text\" aria-invalid=\"false\" value=\"\" type=\"text\" name=\"Depuiscombiendetempslesavez-vous\" \/><\/span>\n<\/p>\n<p><strong>Souhaitez accueillir<\/strong>\n<\/p>\n<p>M\u00e2le ou femelle <span class=\"wpcf7-form-control-wrap\" data-name=\"Mleoufemelle\"><input size=\"40\" maxlength=\"400\" class=\"wpcf7-form-control wpcf7-text\" aria-invalid=\"false\" value=\"\" type=\"text\" name=\"Mleoufemelle\" \/><\/span><br \/>\nQuel \u00e2ge maximum <span class=\"wpcf7-form-control-wrap\" data-name=\"Quelgemaximum\"><input size=\"40\" maxlength=\"400\" class=\"wpcf7-form-control wpcf7-text\" aria-invalid=\"false\" value=\"\" type=\"text\" name=\"Quelgemaximum\" \/><\/span>\n<\/p>\n<p>Avez-vous la possibilit\u00e9 d\u2019isoler vos animaux <span class=\"wpcf7-form-control-wrap\" data-name=\"Avez-vouslapossibilitdisolervosanimaux\"><span class=\"wpcf7-form-control wpcf7-radio\"><span class=\"wpcf7-list-item first\"><input type=\"radio\" name=\"Avez-vouslapossibilitdisolervosanimaux\" value=\"Oui\" checked=\"checked\" \/><span class=\"wpcf7-list-item-label\">Oui<\/span><\/span><span class=\"wpcf7-list-item last\"><input type=\"radio\" name=\"Avez-vouslapossibilitdisolervosanimaux\" value=\"Non\" \/><span class=\"wpcf7-list-item-label\">Non<\/span><\/span><\/span><\/span><br \/>\nEst-ce que toute la famille est d\u2019accord pour faire famille d\u2019accueil <span class=\"wpcf7-form-control-wrap\" data-name=\"Est-cequetoutelafamilleestdaccordpourfairefamilledaccueil\"><span class=\"wpcf7-form-control wpcf7-radio\"><span class=\"wpcf7-list-item first\"><input type=\"radio\" name=\"Est-cequetoutelafamilleestdaccordpourfairefamilledaccueil\" value=\"Oui\" checked=\"checked\" \/><span class=\"wpcf7-list-item-label\">Oui<\/span><\/span><span class=\"wpcf7-list-item last\"><input type=\"radio\" name=\"Est-cequetoutelafamilleestdaccordpourfairefamilledaccueil\" value=\"Non\" \/><span class=\"wpcf7-list-item-label\">Non<\/span><\/span><\/span><\/span><br \/>\nSi non qui est en d\u00e9saccord<br \/>\n<span class=\"wpcf7-form-control-wrap\" data-name=\"Sinonquiestendsaccord\"><textarea cols=\"40\" rows=\"10\" maxlength=\"2000\" class=\"wpcf7-form-control wpcf7-textarea\" aria-invalid=\"false\" name=\"Sinonquiestendsaccord\"><\/textarea><\/span><br \/>\nQui va s\u2019occuper de l\u2019animal <span class=\"wpcf7-form-control-wrap\" data-name=\"Quivasoccuperdelanimal\"><input size=\"40\" maxlength=\"400\" class=\"wpcf7-form-control wpcf7-text\" aria-invalid=\"false\" value=\"\" type=\"text\" name=\"Quivasoccuperdelanimal\" \/><\/span><br \/>\nCombien d\u2019heures par jour le l\u00e9vrier restera t-il seul <span class=\"wpcf7-form-control-wrap\" data-name=\"Combiendheuresparjourlelvrierresterat-ilseul\"><input size=\"40\" maxlength=\"400\" class=\"wpcf7-form-control wpcf7-text\" aria-invalid=\"false\" value=\"\" type=\"text\" name=\"Combiendheuresparjourlelvrierresterat-ilseul\" \/><\/span><br \/>\nCombien de promenades par jour envisagez-vous <span class=\"wpcf7-form-control-wrap\" data-name=\"Combiendepromenadesparjourenvisagez-vous\"><input size=\"40\" maxlength=\"400\" class=\"wpcf7-form-control wpcf7-text\" aria-invalid=\"false\" value=\"\" type=\"text\" name=\"Combiendepromenadesparjourenvisagez-vous\" \/><\/span><br \/>\nDur\u00e9e totale des promenades <span class=\"wpcf7-form-control-wrap\" data-name=\"Duretotaledespromenades\"><input size=\"40\" maxlength=\"400\" class=\"wpcf7-form-control wpcf7-text\" aria-invalid=\"false\" value=\"\" type=\"text\" name=\"Duretotaledespromenades\" \/><\/span><br \/>\nEst-ce qu\u2019une adoption est envisageable <span class=\"wpcf7-form-control-wrap\" data-name=\"Est-cequuneadoptionestenvisageable\"><span class=\"wpcf7-form-control wpcf7-radio\"><span class=\"wpcf7-list-item first\"><input type=\"radio\" name=\"Est-cequuneadoptionestenvisageable\" value=\"Oui\" checked=\"checked\" \/><span class=\"wpcf7-list-item-label\">Oui<\/span><\/span><span class=\"wpcf7-list-item last\"><input type=\"radio\" name=\"Est-cequuneadoptionestenvisageable\" value=\"Non\" \/><span class=\"wpcf7-list-item-label\">Non<\/span><\/span><\/span><\/span><br \/>\nSi votre demande est accept\u00e9e quand pourrez-vous accueillir le l\u00e9vrier <span class=\"wpcf7-form-control-wrap\" data-name=\"Sivotredemandeestacceptequandpourrez-vousaccueillirlelvrier\"><input size=\"40\" maxlength=\"400\" class=\"wpcf7-form-control wpcf7-text\" aria-invalid=\"false\" value=\"\" type=\"text\" name=\"Sivotredemandeestacceptequandpourrez-vousaccueillirlelvrier\" \/><\/span>\n<\/p>\n<p><strong>L\u00e9vriers du Sud prendra en charge les \u00e9ventuels frais v\u00e9t\u00e9rinaires.<br \/>\nAucun d\u00e9dommagement ne sera accord\u00e9 pour l\u2019h\u00e9bergement du l\u00e9vrier.<br \/>\nSi ce l\u00e9vrier s\u2019\u00e9chappe l\u2019association ne saurait \u00eatre tenu responsable des d\u00e9g\u00e2ts qu\u2019il pourrait commettre et de tous accidents qu\u2019il pourrait en r\u00e9sulter.<br \/>\nL\u2019Association ne saurait \u00eatre tenu responsable des d\u00e9gradations commises \u00e9ventuellement par le l\u00e9vrier qu\u2019elles soient dans l\u2019habitation ou dans la voiture.<br \/>\nL\u2019assurance de la famille d\u2019accueil sera la couverture du l\u00e9vrier.<\/strong>\n<\/p>\n<p>Je soussign\u00e9, <span class=\"wpcf7-form-control-wrap\" data-name=\"certifie\"><input size=\"40\" maxlength=\"400\" class=\"wpcf7-form-control wpcf7-text\" aria-invalid=\"false\" value=\"\" type=\"text\" name=\"certifie\" \/><\/span> certifie sur l\u2019honneur que les informations transmises sur ce formulaire sont exactes.<br \/>\n<span class=\"wpcf7-form-control-wrap\" data-name=\"acceptance-835\"><span class=\"wpcf7-form-control wpcf7-acceptance\"><span class=\"wpcf7-list-item\"><input type=\"checkbox\" name=\"acceptance-835\" value=\"1\" aria-invalid=\"false\" \/><\/span><\/span><\/span> Certifie sur l\u2019honneur avoir pris connaissance des conditions d\u2019accueil et les approuver.<br \/>\nFait \u00e0 <span class=\"wpcf7-form-control-wrap\" data-name=\"fait\"><input size=\"40\" maxlength=\"400\" class=\"wpcf7-form-control wpcf7-text\" aria-invalid=\"false\" value=\"\" type=\"text\" name=\"fait\" \/><\/span>,<br \/>\nle <span class=\"wpcf7-form-control-wrap\" data-name=\"text-803\"><input size=\"40\" maxlength=\"400\" class=\"wpcf7-form-control wpcf7-text\" aria-invalid=\"false\" value=\"\" type=\"text\" name=\"text-803\" \/><\/span>\n<\/p>\n<p>[recaptcha]\n<\/p>\n<p><input class=\"wpcf7-form-control wpcf7-submit has-spinner\" type=\"submit\" value=\"Envoyer\" \/>\n<\/p><div class=\"wpcf7-response-output\" aria-hidden=\"true\"><\/div>\n<\/form>\n<\/div>\n\n","protected":false},"excerpt":{"rendered":"","protected":false},"author":1,"featured_media":0,"parent":0,"menu_order":0,"comment_status":"closed","ping_status":"closed","template":"","meta":{"footnotes":""},"class_list":["post-34637","page","type-page","status-publish","hentry"],"aioseo_notices":[],"_links":{"self":[{"href":"https:\/\/www.levriers-du-sud.org\/site\/wp-json\/wp\/v2\/pages\/34637","targetHints":{"allow":["GET"]}}],"collection":[{"href":"https:\/\/www.levriers-du-sud.org\/site\/wp-json\/wp\/v2\/pages"}],"about":[{"href":"https:\/\/www.levriers-du-sud.org\/site\/wp-json\/wp\/v2\/types\/page"}],"author":[{"embeddable":true,"href":"https:\/\/www.levriers-du-sud.org\/site\/wp-json\/wp\/v2\/users\/1"}],"replies":[{"embeddable":true,"href":"https:\/\/www.levriers-du-sud.org\/site\/wp-json\/wp\/v2\/comments?post=34637"}],"version-history":[{"count":2,"href":"https:\/\/www.levriers-du-sud.org\/site\/wp-json\/wp\/v2\/pages\/34637\/revisions"}],"predecessor-version":[{"id":34640,"href":"https:\/\/www.levriers-du-sud.org\/site\/wp-json\/wp\/v2\/pages\/34637\/revisions\/34640"}],"wp:attachment":[{"href":"https:\/\/www.levriers-du-sud.org\/site\/wp-json\/wp\/v2\/media?parent=34637"}],"curies":[{"name":"wp","href":"https:\/\/api.w.org\/{rel}","templated":true}]}}