{"id":36,"date":"2010-07-22T09:47:47","date_gmt":"2010-07-22T09:47:47","guid":{"rendered":"http:\/\/levriers-du-sud.org\/site\/"},"modified":"2026-05-04T11:38:52","modified_gmt":"2026-05-04T09:38:52","slug":"les-deleguees","status":"publish","type":"page","link":"https:\/\/www.levriers-du-sud.org\/site\/les-deleguees\/","title":{"rendered":"Notre \u00e9quipe"},"content":{"rendered":"<p><img loading=\"lazy\" decoding=\"async\" class=\"alignnone size-full wp-image-58806\" src=\"https:\/\/www.levriers-du-sud.org\/site\/wp-content\/uploads\/2025\/09\/derniere-version-1.jpg\" alt=\"\" width=\"1000\" height=\"1006\" srcset=\"https:\/\/www.levriers-du-sud.org\/site\/wp-content\/uploads\/2025\/09\/derniere-version-1.jpg 1000w, https:\/\/www.levriers-du-sud.org\/site\/wp-content\/uploads\/2025\/09\/derniere-version-1-298x300.jpg 298w, https:\/\/www.levriers-du-sud.org\/site\/wp-content\/uploads\/2025\/09\/derniere-version-1-150x150.jpg 150w, https:\/\/www.levriers-du-sud.org\/site\/wp-content\/uploads\/2025\/09\/derniere-version-1-768x773.jpg 768w\" sizes=\"auto, (max-width: 1000px) 100vw, 1000px\" \/><\/p>\n<p>&nbsp;<\/p>\n<p><strong><span style=\"text-decoration: underline;\">R\u00e9gion Aquitaine , Centre et Corse<\/span><\/strong> (Vert clair) :<\/p>\n<p><strong>Maryline<\/strong><\/p>\n<p><img loading=\"lazy\" decoding=\"async\" class=\" wp-image-41007\" src=\"http:\/\/www.levriers-du-sud.org\/site\/wp-content\/uploads\/2018\/04\/IMG_20180413_172121-300x276.jpg\" alt=\"\" width=\"204\" height=\"188\" srcset=\"https:\/\/www.levriers-du-sud.org\/site\/wp-content\/uploads\/2018\/04\/IMG_20180413_172121-300x276.jpg 300w, https:\/\/www.levriers-du-sud.org\/site\/wp-content\/uploads\/2018\/04\/IMG_20180413_172121.jpg 700w\" sizes=\"auto, (max-width: 204px) 100vw, 204px\" \/><\/p>\n<p><a href=\"mailto:marylinelevriersdusud@gmail.com\">marylinelevriersdusud@gmail.com<\/a><br \/>\n<strong>\u00a007 70 08 39 79<\/strong><\/p>\n<p>&nbsp;<\/p>\n<p><span style=\"text-decoration: underline;\"><strong>R\u00e9gion Centre<\/strong><\/span> (Bleu marine) :<\/p>\n<p><strong>Franck<\/strong><br \/>\n<img loading=\"lazy\" decoding=\"async\" class=\"alignnone wp-image-7784\" title=\"franck\" src=\"http:\/\/www.levriers-du-sud.org\/site\/wp-content\/uploads\/2010\/07\/franck.jpg\" alt=\"\" width=\"207\" height=\"139\" \/><br \/>\n<a href=\"mailto:franck.lds@sfr.fr\">franck.lds@sfr.fr<\/a><br \/>\n<strong>06 80 47 16 00<\/strong><\/p>\n<p><strong>Lianette et Jean Francois<br \/>\n<\/strong><\/p>\n<p><strong><img loading=\"lazy\" decoding=\"async\" class=\"alignnone wp-image-38832\" src=\"http:\/\/www.levriers-du-sud.org\/site\/wp-content\/uploads\/2010\/07\/DSCN2500-3-269x300.jpg\" alt=\"\" width=\"174\" height=\"194\" srcset=\"https:\/\/www.levriers-du-sud.org\/site\/wp-content\/uploads\/2010\/07\/DSCN2500-3-269x300.jpg 269w, https:\/\/www.levriers-du-sud.org\/site\/wp-content\/uploads\/2010\/07\/DSCN2500-3-768x857.jpg 768w, https:\/\/www.levriers-du-sud.org\/site\/wp-content\/uploads\/2010\/07\/DSCN2500-3-918x1024.jpg 918w, https:\/\/www.levriers-du-sud.org\/site\/wp-content\/uploads\/2010\/07\/DSCN2500-3.jpg 933w\" sizes=\"auto, (max-width: 174px) 100vw, 174px\" \/><br \/>\n<\/strong><a href=\"mailto:jeanfrancois.lds@orange.fr\">\u00a0jeanfrancois.lds@orange.fr<\/a><strong><br \/>\n<\/strong><\/p>\n<p><strong>06 30 02 13 15<br \/>\n<\/strong><\/p>\n<p>&nbsp;<\/p>\n<p><span style=\"text-decoration: underline;\"><strong>R\u00e9gion Ouest<\/strong><\/span><\/p>\n<p><strong>Chantal <\/strong>(Mauve) :<br \/>\n<img loading=\"lazy\" decoding=\"async\" class=\"alignnone wp-image-42101\" src=\"http:\/\/www.levriers-du-sud.org\/site\/wp-content\/uploads\/2018\/10\/P1010134-300x225.jpg\" alt=\"\" width=\"275\" height=\"206\" srcset=\"https:\/\/www.levriers-du-sud.org\/site\/wp-content\/uploads\/2018\/10\/P1010134-300x225.jpg 300w, https:\/\/www.levriers-du-sud.org\/site\/wp-content\/uploads\/2018\/10\/P1010134-768x576.jpg 768w, https:\/\/www.levriers-du-sud.org\/site\/wp-content\/uploads\/2018\/10\/P1010134-1024x768.jpg 1024w, https:\/\/www.levriers-du-sud.org\/site\/wp-content\/uploads\/2018\/10\/P1010134.jpg 1280w\" sizes=\"auto, (max-width: 275px) 100vw, 275px\" \/><br \/>\n<a id=\"chanpat44700@gmail.com_body\" class=\"adr black-to-orange contextEntry\" href=\"https:\/\/webmail1e.orange.fr\/webmail\/fr_FR\/read.html?IDMSG=370953&amp;FOLDER=SF_INBOX&amp;ORIGIN=&amp;SORTBY=1&amp;ADVANCED_SEARCH=FALSE&amp;PAGE_RETURN=1#\" target=\"_blank\" rel=\"noopener noreferrer\">chanpat44700@gmail.com<\/a><br \/>\n<strong>06 75 76 42 74<\/strong><\/p>\n<p><strong>Patricia <\/strong>(Rose fuschia) Partie dans les \u00e9toiles \u00e0 jamais avec nous<strong><br \/>\n<\/strong><\/p>\n<p><img loading=\"lazy\" decoding=\"async\" class=\"alignnone wp-image-42108\" src=\"http:\/\/www.levriers-du-sud.org\/site\/wp-content\/uploads\/2018\/10\/FB_IMG_1538720385112-300x230.jpg\" alt=\"\" width=\"273\" height=\"209\" srcset=\"https:\/\/www.levriers-du-sud.org\/site\/wp-content\/uploads\/2018\/10\/FB_IMG_1538720385112-300x230.jpg 300w, https:\/\/www.levriers-du-sud.org\/site\/wp-content\/uploads\/2018\/10\/FB_IMG_1538720385112-768x589.jpg 768w, https:\/\/www.levriers-du-sud.org\/site\/wp-content\/uploads\/2018\/10\/FB_IMG_1538720385112.jpg 807w\" sizes=\"auto, (max-width: 273px) 100vw, 273px\" \/><br \/>\nd\u00e9c\u00e9d\u00e9e le 4\/05\/2026<\/p>\n<p>&nbsp;<\/p>\n<p><strong><span style=\"text-decoration: underline;\">R\u00e9gion Nord (Bleu<br \/>\n<\/span><\/strong><\/p>\n<p><strong>Claire<br \/>\n<\/strong><\/p>\n<p><a href=\"http:\/\/www.levriers-du-sud.org\/site\/wp-content\/uploads\/2010\/07\/claire-et-denis.jpg\"><img loading=\"lazy\" decoding=\"async\" class=\"alignnone wp-image-29354\" src=\"http:\/\/www.levriers-du-sud.org\/site\/wp-content\/uploads\/2010\/07\/claire-et-denis-300x290.jpg\" alt=\"claire et denis\" width=\"159\" height=\"153\" srcset=\"https:\/\/www.levriers-du-sud.org\/site\/wp-content\/uploads\/2010\/07\/claire-et-denis-300x290.jpg 300w, https:\/\/www.levriers-du-sud.org\/site\/wp-content\/uploads\/2010\/07\/claire-et-denis.jpg 400w\" sizes=\"auto, (max-width: 159px) 100vw, 159px\" \/><\/a><\/p>\n<p><a href=\"mailto:clairepod.lds@gmail.com\">clairepod.lds@gmail.com<\/a><br \/>\n<strong>06 70 87 02 84<\/strong><\/p>\n<p><strong>Marc Laury Tr\u00e9sorier \/ d\u00e9l\u00e9gu\u00e9 Rh\u00f4nes-Alpes et r\u00e9gion PACA<\/strong><\/p>\n<p>(vert fonc\u00e9 01, 73, 74, 38, 69)<\/p>\n<p><img loading=\"lazy\" decoding=\"async\" class=\"alignnone size-medium wp-image-56837\" src=\"https:\/\/www.levriers-du-sud.org\/site\/wp-content\/uploads\/2024\/06\/IMG-20240525-WA0013-1-197x300.jpg\" alt=\"\" width=\"197\" height=\"300\" srcset=\"https:\/\/www.levriers-du-sud.org\/site\/wp-content\/uploads\/2024\/06\/IMG-20240525-WA0013-1-197x300.jpg 197w, https:\/\/www.levriers-du-sud.org\/site\/wp-content\/uploads\/2024\/06\/IMG-20240525-WA0013-1-671x1024.jpg 671w, https:\/\/www.levriers-du-sud.org\/site\/wp-content\/uploads\/2024\/06\/IMG-20240525-WA0013-1-768x1171.jpg 768w, https:\/\/www.levriers-du-sud.org\/site\/wp-content\/uploads\/2024\/06\/IMG-20240525-WA0013-1-1007x1536.jpg 1007w, https:\/\/www.levriers-du-sud.org\/site\/wp-content\/uploads\/2024\/06\/IMG-20240525-WA0013-1.jpg 1049w\" sizes=\"auto, (max-width: 197px) 100vw, 197px\" \/><\/p>\n<p>06 78 44 04 39<\/p>\n<p>marc.laury@free.fr<\/p>\n<p>&nbsp;<\/p>\n<p><span style=\"text-decoration: underline;\"><strong>R\u00e9gion Rh\u00f4ne Alpes\/bourgogne :<\/strong><\/span><\/p>\n<p><strong>Emilie : (Marron)<\/strong><\/p>\n<p><img loading=\"lazy\" decoding=\"async\" class=\"alignnone wp-image-47989\" src=\"http:\/\/www.levriers-du-sud.org\/site\/wp-content\/uploads\/2021\/01\/emilie-deleguee-300x283.jpg\" alt=\"\" width=\"226\" height=\"214\" srcset=\"https:\/\/www.levriers-du-sud.org\/site\/wp-content\/uploads\/2021\/01\/emilie-deleguee-300x283.jpg 300w, https:\/\/www.levriers-du-sud.org\/site\/wp-content\/uploads\/2021\/01\/emilie-deleguee-1024x966.jpg 1024w, https:\/\/www.levriers-du-sud.org\/site\/wp-content\/uploads\/2021\/01\/emilie-deleguee-768x724.jpg 768w, https:\/\/www.levriers-du-sud.org\/site\/wp-content\/uploads\/2021\/01\/emilie-deleguee.jpg 1069w\" sizes=\"auto, (max-width: 226px) 100vw, 226px\" \/><\/p>\n<p><a href=\"mailto:emilie.levriersdusud@outlook.fr\">emilie.levriersdusud@outlook.fr<\/a><br \/>\n<strong>06 22 49 49 35<\/strong><\/p>\n<p>&nbsp;<\/p>\n<p><span style=\"text-decoration: underline;\"><strong>R\u00e9gion EST<\/strong><\/span> (Violet-rose) et aussi r\u00e9gion\u00a0 <strong>PARIS et r\u00e9gion Parisienne<\/strong><\/p>\n<p><strong>Fran\u00e7oise<\/strong>\u00a0:<br \/>\n<img loading=\"lazy\" decoding=\"async\" class=\"alignnone wp-image-35883\" src=\"http:\/\/www.levriers-du-sud.org\/site\/wp-content\/uploads\/2010\/07\/francoise-ca-300x213.jpg\" alt=\"francoise ca\" width=\"261\" height=\"185\" srcset=\"https:\/\/www.levriers-du-sud.org\/site\/wp-content\/uploads\/2010\/07\/francoise-ca-300x213.jpg 300w, https:\/\/www.levriers-du-sud.org\/site\/wp-content\/uploads\/2010\/07\/francoise-ca.jpg 600w\" sizes=\"auto, (max-width: 261px) 100vw, 261px\" \/><br \/>\n<a href=\"mailto:francecaquelin@gmail.com\">francecaquelin@gmail.com<\/a><br \/>\n<strong>06 70 71 57 77<\/strong><\/p>\n<p><strong>Isabelle<\/strong> :<strong><br \/>\n<\/strong><\/p>\n<p><a href=\"mailto:antoinezabou@free.fr\"><img loading=\"lazy\" decoding=\"async\" class=\"alignnone wp-image-32539\" src=\"http:\/\/www.levriers-du-sud.org\/site\/wp-content\/uploads\/2010\/07\/isabelle-antoire.jpg\" alt=\"isabelle antoire\" width=\"230\" height=\"151\" \/><br \/>\nantoinezabou@free.fr<\/a><br \/>\n<strong>06 52 22 92 40<\/strong><\/p>\n<p>&nbsp;<\/p>\n<p><span style=\"text-decoration: underline;\"><strong>BOUTIQUES :<br \/>\n<\/strong><\/span><\/p>\n<p><a href=\"mailto:boutiquelds@gmail.com\">boutiquelds@gmail.com<\/a><\/p>\n<p><strong>\u00a0<\/strong><\/p>\n","protected":false},"excerpt":{"rendered":"<p>&nbsp; R\u00e9gion Aquitaine , Centre et Corse (Vert clair) : Maryline marylinelevriersdusud@gmail.com \u00a007 70 08 39 79 &nbsp; R\u00e9gion Centre (Bleu marine) : Franck franck.lds@sfr.fr 06 80 47 16 00 Lianette et Jean Francois \u00a0jeanfrancois.lds@orange.fr 06 30 02 13 15 &nbsp; R\u00e9gion Ouest Chantal (Mauve) : chanpat44700@gmail.com 06 75 76 42 74 Patricia (Rose fuschia) [&hellip;]<\/p>\n","protected":false},"author":1,"featured_media":0,"parent":0,"menu_order":0,"comment_status":"open","ping_status":"open","template":"","meta":{"footnotes":""},"class_list":["post-36","page","type-page","status-publish","hentry"],"aioseo_notices":[],"_links":{"self":[{"href":"https:\/\/www.levriers-du-sud.org\/site\/wp-json\/wp\/v2\/pages\/36","targetHints":{"allow":["GET"]}}],"collection":[{"href":"https:\/\/www.levriers-du-sud.org\/site\/wp-json\/wp\/v2\/pages"}],"about":[{"href":"https:\/\/www.levriers-du-sud.org\/site\/wp-json\/wp\/v2\/types\/page"}],"author":[{"embeddable":true,"href":"https:\/\/www.levriers-du-sud.org\/site\/wp-json\/wp\/v2\/users\/1"}],"replies":[{"embeddable":true,"href":"https:\/\/www.levriers-du-sud.org\/site\/wp-json\/wp\/v2\/comments?post=36"}],"version-history":[{"count":254,"href":"https:\/\/www.levriers-du-sud.org\/site\/wp-json\/wp\/v2\/pages\/36\/revisions"}],"predecessor-version":[{"id":59338,"href":"https:\/\/www.levriers-du-sud.org\/site\/wp-json\/wp\/v2\/pages\/36\/revisions\/59338"}],"wp:attachment":[{"href":"https:\/\/www.levriers-du-sud.org\/site\/wp-json\/wp\/v2\/media?parent=36"}],"curies":[{"name":"wp","href":"https:\/\/api.w.org\/{rel}","templated":true}]}}