{"id":38689,"date":"2017-08-11T13:51:29","date_gmt":"2017-08-11T11:51:29","guid":{"rendered":"http:\/\/www.levriers-du-sud.org\/site\/?page_id=38689"},"modified":"2024-03-18T10:25:51","modified_gmt":"2024-03-18T09:25:51","slug":"nos-partenaires-en-espagne","status":"publish","type":"page","link":"https:\/\/www.levriers-du-sud.org\/site\/nos-partenaires-en-espagne\/","title":{"rendered":"Refuges partenaires en Espagne"},"content":{"rendered":"<h2><strong>ALBERGUE EL OLIVAR-ASSOCIATION ACUNR<\/strong><\/h2>\n<p>Nous travaillons sur Madrid avec l&rsquo;association ACURN depuis 2013. Nos chiens sont en pension dans leur r\u00e9sidence\/refuge. Nous leur apportons r\u00e9guli\u00e8rement des donations en mat\u00e9riel : croquettes, couvertures, manteaux, paniers etc..<br \/>\nL&rsquo;\u00e9quipe de volontaires de ACURN fait un travail formidable.<\/p>\n<p><iframe loading=\"lazy\" src=\"https:\/\/www.youtube.com\/embed\/87DU_dtuxT4\" width=\"560\" height=\"315\" frameborder=\"0\" allowfullscreen=\"allowfullscreen\"><\/iframe><\/p>\n<p><iframe loading=\"lazy\" src=\"https:\/\/www.youtube.com\/embed\/lVANs0RDvHg\" width=\"560\" height=\"315\" frameborder=\"0\" allowfullscreen=\"allowfullscreen\"><\/iframe><\/p>\n<p>si vous voulez les aider pour les travaux du refuge :\u00a0<a href=\"http:\/\/www.acunr.es\/proyecto-metal-un-nuevo-rumbo\/\">http:\/\/www.acunr.es\/proyecto-metal-un-nuevo-rumbo\/<\/a><\/p>\n<h2><strong>MAGINA ANIMAL &#8211; JODAR<\/strong><\/h2>\n<p>Consuelo et quelques b\u00e9n\u00e9voles font leur maximum tous les jours pour sauver les chiens sur cette r\u00e9gion montagneuse et tr\u00e8s rurale. Nous connaissons Consuelo depuis 2010. La particularit\u00e9 de ce refuge c&rsquo;est de r\u00e9cup\u00e9rer \u00e9norm\u00e9ment de chiens de petites tailles abandonn\u00e9s dans les rues, ou voire m\u00eame attach\u00e9s devant la grille du refuge, ou jet\u00e9s par dessus les grillages&#8230; Le refuge compte autour de 70 chiens en moyenne. Nous prenons en charge les galgos que trouve Consuelo car son refuge n&rsquo;est pas s\u00e9curis\u00e9 et il est arriv\u00e9 que des chiens soient vol\u00e9s..<\/p>\n<p><iframe loading=\"lazy\" style=\"border: none; overflow: hidden;\" src=\"https:\/\/www.facebook.com\/plugins\/video.php?href=https%3A%2F%2Fwww.facebook.com%2Fmaginaanimal%2Fvideos%2F1181560195192601%2F&amp;show_text=0&amp;width=560\" width=\"560\" height=\"420\" frameborder=\"0\" scrolling=\"no\" allowfullscreen=\"allowfullscreen\"><\/iframe><\/p>\n<p><img loading=\"lazy\" decoding=\"async\" class=\"alignnone size-medium wp-image-38693\" src=\"http:\/\/www.levriers-du-sud.org\/site\/wp-content\/uploads\/2017\/08\/cosneulo-300x300.jpg\" alt=\"\" width=\"300\" height=\"300\" srcset=\"https:\/\/www.levriers-du-sud.org\/site\/wp-content\/uploads\/2017\/08\/cosneulo-300x300.jpg 300w, https:\/\/www.levriers-du-sud.org\/site\/wp-content\/uploads\/2017\/08\/cosneulo-150x150.jpg 150w, https:\/\/www.levriers-du-sud.org\/site\/wp-content\/uploads\/2017\/08\/cosneulo-768x768.jpg 768w, https:\/\/www.levriers-du-sud.org\/site\/wp-content\/uploads\/2017\/08\/cosneulo.jpg 960w\" sizes=\"auto, (max-width: 300px) 100vw, 300px\" \/><\/p>\n<p>Si vous voulez aider le refuge \u00a0: <a href=\"https:\/\/www.teaming.net\/refugiomaginaanimal\">https:\/\/www.teaming.net\/refugiomaginaanimal<\/a><\/p>\n<h2><strong>GALGOS EN FAMILIA<\/strong><\/h2>\n<p>Le refuge de VERA se trouve dans les environs de Malaga. Nous travaillons avec ce refuge depuis pr\u00e8s de 4 ans. La situation sur Malaga n&rsquo;est pas tr\u00e8s pratique pour nous car les transports ne sont pas fr\u00e9quents. L&rsquo;\u00e9quipe de Vera, anglophone, se d\u00e9voue corps et \u00e2me pour aider les galgos et les podencos de cette r\u00e9gion.<\/p>\n<p><img loading=\"lazy\" decoding=\"async\" class=\"alignnone wp-image-38696\" src=\"http:\/\/www.levriers-du-sud.org\/site\/wp-content\/uploads\/2017\/08\/vera-gaglop-300x232.jpg\" alt=\"\" width=\"350\" height=\"271\" srcset=\"https:\/\/www.levriers-du-sud.org\/site\/wp-content\/uploads\/2017\/08\/vera-gaglop-300x232.jpg 300w, https:\/\/www.levriers-du-sud.org\/site\/wp-content\/uploads\/2017\/08\/vera-gaglop.jpg 367w\" sizes=\"auto, (max-width: 350px) 100vw, 350px\" \/><\/p>\n<p>Si vous voulez les aider :<a href=\"https:\/\/www.teaming.net\/galgosenfamilia?lang=es_ES\">\u00a0https:\/\/www.teaming.net\/galgosenfamilia?lang=es_ES<\/a><\/p>\n<h2><strong>GALGOS DEL SUR<\/strong><\/h2>\n<p>L&rsquo;association Galgos del Sur est une des plus actives sur la r\u00e9gion de Cordoba. Ils prennent en charge \u00e9norm\u00e9ment de chiens des perreras avoisinantes et sont tr\u00e8s actifs sur le terrain. Les \u00e9quipes de b\u00e9n\u00e9voles font un travail formidable. Patricia Almansa, Pr\u00e9sidente\u00a0 et <a class=\"oajrlxb2 g5ia77u1 qu0x051f esr5mh6w e9989ue4 r7d6kgcz rq0escxv nhd2j8a9 nc684nl6 p7hjln8o kvgmc6g5 cxmmr5t8 oygrvhab hcukyx3x jb3vyjys rz4wbd8a qt6c0cv9 a8nywdso i1ao9s8h esuyzwwr f1sip0of lzcic4wl q66pz984 gpro0wi8 b1v8xokw\" tabindex=\"0\" role=\"link\" href=\"https:\/\/www.facebook.com\/Javier-Luna-110399730449509\/?__cft__[0]=AZUHhjkhKeWWVKjahCl6uR8OEZoiruN_xubjASmKECZfJgccDJmhaDm6EPt7tdlA8IEDlg_otRsuKFfZSxJqG8P3v6zxrBQXcRHtMlKHFR5GuFFqzV1QmeDHckKOqLFSi9x0sEVg9yralI9lUhTJOjXk&amp;__tn__=kK-R\"><span class=\"nc684nl6\">Javier Luna<\/span><\/a> Cofondateur de Galgos del Sur sont tr\u00e8s investis pour la cause des galgos et de la maltraitance animale en Espagne.<\/p>\n<p><img loading=\"lazy\" decoding=\"async\" class=\"alignnone size-medium wp-image-50135\" src=\"http:\/\/www.levriers-du-sud.org\/site\/wp-content\/uploads\/2021\/09\/1622553_1041655359184376_5091729405154619013_o-300x212.jpg\" alt=\"\" width=\"300\" height=\"212\" srcset=\"https:\/\/www.levriers-du-sud.org\/site\/wp-content\/uploads\/2021\/09\/1622553_1041655359184376_5091729405154619013_o-300x212.jpg 300w, https:\/\/www.levriers-du-sud.org\/site\/wp-content\/uploads\/2021\/09\/1622553_1041655359184376_5091729405154619013_o-1024x724.jpg 1024w, https:\/\/www.levriers-du-sud.org\/site\/wp-content\/uploads\/2021\/09\/1622553_1041655359184376_5091729405154619013_o-768x543.jpg 768w, https:\/\/www.levriers-du-sud.org\/site\/wp-content\/uploads\/2021\/09\/1622553_1041655359184376_5091729405154619013_o-1536x1085.jpg 1536w, https:\/\/www.levriers-du-sud.org\/site\/wp-content\/uploads\/2021\/09\/1622553_1041655359184376_5091729405154619013_o.jpg 2048w\" sizes=\"auto, (max-width: 300px) 100vw, 300px\" \/><\/p>\n<p>vous pouvez aussi les aider en direct<a href=\"http:\/\/www.teaming.net\/asociacionprotectoragalgosdelsur\/invite\"> http:\/\/www.teaming.net\/asociacionprotectoragalgosdelsur\/invite<\/a><\/p>\n<h2>NACIENDO UN SOL<\/h2>\n<p>Nacienco un sol est un petit refuge de la r\u00e9gion de Cordoba. Ils ont \u00e9norm\u00e9ment de chiens , toutes races, et quelques galgos et podencos. Nous essayons de diffuser quelques autres races de leur refuge \u00e9galement afin de leur laisser une chance sppl\u00e9mentaire.<\/p>\n<p><img loading=\"lazy\" decoding=\"async\" class=\"alignnone size-medium wp-image-50136\" src=\"http:\/\/www.levriers-du-sud.org\/site\/wp-content\/uploads\/2021\/09\/720_dxdkfbqhgd-300x200.jpg\" alt=\"\" width=\"300\" height=\"200\" srcset=\"https:\/\/www.levriers-du-sud.org\/site\/wp-content\/uploads\/2021\/09\/720_dxdkfbqhgd-300x200.jpg 300w, https:\/\/www.levriers-du-sud.org\/site\/wp-content\/uploads\/2021\/09\/720_dxdkfbqhgd.jpg 720w\" sizes=\"auto, (max-width: 300px) 100vw, 300px\" \/><\/p>\n<p><strong>FELICAN Refuge \u00e0 Ubeda<\/strong><\/p>\n<p><a href=\"https:\/\/www.felicanubeda.com\/\">https:\/\/www.felicanubeda.com\/<\/a><\/p>\n<p><img loading=\"lazy\" decoding=\"async\" class=\"alignnone size-full wp-image-56546\" src=\"https:\/\/www.levriers-du-sud.org\/site\/wp-content\/uploads\/2024\/03\/Logo-Felican.webp\" alt=\"\" width=\"201\" height=\"132\" \/><\/p>\n","protected":false},"excerpt":{"rendered":"<p>ALBERGUE EL OLIVAR-ASSOCIATION ACUNR Nous travaillons sur Madrid avec l&rsquo;association ACURN depuis 2013. Nos chiens sont en pension dans leur r\u00e9sidence\/refuge. Nous leur apportons r\u00e9guli\u00e8rement des donations en mat\u00e9riel : croquettes, couvertures, manteaux, paniers etc.. L&rsquo;\u00e9quipe de volontaires de ACURN fait un travail formidable. si vous voulez les aider pour les travaux du refuge :\u00a0http:\/\/www.acunr.es\/proyecto-metal-un-nuevo-rumbo\/ [&hellip;]<\/p>\n","protected":false},"author":1,"featured_media":0,"parent":0,"menu_order":0,"comment_status":"closed","ping_status":"closed","template":"","meta":{"footnotes":""},"class_list":["post-38689","page","type-page","status-publish","hentry"],"aioseo_notices":[],"_links":{"self":[{"href":"https:\/\/www.levriers-du-sud.org\/site\/wp-json\/wp\/v2\/pages\/38689","targetHints":{"allow":["GET"]}}],"collection":[{"href":"https:\/\/www.levriers-du-sud.org\/site\/wp-json\/wp\/v2\/pages"}],"about":[{"href":"https:\/\/www.levriers-du-sud.org\/site\/wp-json\/wp\/v2\/types\/page"}],"author":[{"embeddable":true,"href":"https:\/\/www.levriers-du-sud.org\/site\/wp-json\/wp\/v2\/users\/1"}],"replies":[{"embeddable":true,"href":"https:\/\/www.levriers-du-sud.org\/site\/wp-json\/wp\/v2\/comments?post=38689"}],"version-history":[{"count":14,"href":"https:\/\/www.levriers-du-sud.org\/site\/wp-json\/wp\/v2\/pages\/38689\/revisions"}],"predecessor-version":[{"id":56547,"href":"https:\/\/www.levriers-du-sud.org\/site\/wp-json\/wp\/v2\/pages\/38689\/revisions\/56547"}],"wp:attachment":[{"href":"https:\/\/www.levriers-du-sud.org\/site\/wp-json\/wp\/v2\/media?parent=38689"}],"curies":[{"name":"wp","href":"https:\/\/api.w.org\/{rel}","templated":true}]}}