{"id":62,"date":"2023-12-09T09:00:36","date_gmt":"2023-12-09T07:00:36","guid":{"rendered":"http:\/\/levriers-du-sud.org\/site\/"},"modified":"2025-06-23T00:54:38","modified_gmt":"2025-06-22T22:54:38","slug":"bienvenue-sur-le-site-de-levriers-du-sud","status":"publish","type":"page","link":"https:\/\/www.levriers-du-sud.org\/site\/bienvenue-sur-le-site-de-levriers-du-sud\/","title":{"rendered":"Bienvenue sur le site de L\u00e9vriers du Sud"},"content":{"rendered":"<p><!DOCTYPE html><br \/>\n<html lang=\"fr\"><br \/>\n<head><br \/>\n  <meta charset=\"UTF-8\"><br \/>\n  <meta name=\"viewport\" content=\"width=device-width, initial-scale=1.0\"><br \/>\n  <title>L\u00e9vriers du Sud<\/title><\/p>\n<style>\n    body {\n      margin: 0;\n      padding: 0;\n      font-family: Arial, sans-serif;\n      background: #fff;\n    }<\/p>\n<p>    .container {\n      width: 100%;\n      max-width: 1400px;\n      margin: 0 auto;\n      padding: 20px;\n      box-sizing: border-box;\n    }<\/p>\n<p>    img {\n      max-width: 100%;\n      height: auto;\n      margin-right: 10px;\n      vertical-align: middle;\n    }<\/p>\n<p>    .gallery {\n      display: flex;\n      flex-wrap: wrap;\n      gap: 10px;\n      margin-bottom: 20px;\n    }<\/p>\n<p>    em {\n      display: block;\n      margin-bottom: 10px;\n      font-style: italic;\n      font-size: 1.2em;\n    }<\/p>\n<p>    strong {\n      display: block;\n      margin-top: 10px;\n    }<\/p>\n<p>    a {\n      color: #0000ff;\n      text-decoration: none;\n    }<\/p>\n<p>    a:hover {\n      text-decoration: underline;\n    }\n  <\/style>\n<p><\/head><br \/>\n<body><\/p>\n<div class=\"container\">\n<p><em>\u00ab\u00a0La haine tue toujours, l&rsquo;amour ne meurt jamais\u00a0\u00bb &#8211; Gandhi<\/em><\/p>\n<div class=\"gallery\">\n      <img decoding=\"async\" src=\"http:\/\/levriers-du-sud.org\/site\/wp-content\/uploads\/2010\/07\/marujo.jpg\" alt=\"marujo\"><br \/>\n      <img decoding=\"async\" src=\"http:\/\/levriers-du-sud.org\/site\/wp-content\/uploads\/2010\/07\/Troya.jpg\" alt=\"Troya\"><br \/>\n      <img decoding=\"async\" src=\"http:\/\/levriers-du-sud.org\/site\/wp-content\/uploads\/2010\/07\/vainilia.jpg\" alt=\"vainilia\"><br \/>\n      <img decoding=\"async\" src=\"http:\/\/levriers-du-sud.org\/site\/wp-content\/uploads\/2010\/07\/Gigi.jpg\" alt=\"Gigi\">\n    <\/div>\n<p>Association de protection animale \u00e0 but non lucratif r\u00e9gie par la loi de 1901,<br \/>\n    D\u00e9claration \u00e0 la Pr\u00e9fecture de Mont de Marsan<br \/>\n    En date du 13 Juillet 2010<br \/>\n    Sous le N\u00b0 W402002694<\/p>\n<p>    <strong>LEVRIERS DU SUD<br \/>\n    Maryline Cr\u00e9tier<br \/>\n    584 Route de la Lucate<br \/>\n    \u00ab\u00a0La p\u00e9nardiere\u00a0\u00bb<br \/>\n    40160 Parentis en Born<\/strong><\/p>\n<p>Il y a dans mon regard ce que vous ne voyez pas&#8230;<br \/>\n    <!-- tout le reste du contenu texte ici -->\n    <\/p>\n<p>    <strong>Notre association<\/strong><\/p>\n<p>a pour but de venir en aide aux refuges espagnols&#8230;<\/p>\n<p>    <!-- continue tout le contenu texte ici, tu peux copier\/coller dans la m\u00eame div --><\/p>\n<p>    <strong>Contact :<\/strong><\/p>\n<p><strong>Pr\u00e9sidente :<\/strong> Maryline Cr\u00e9tier<br \/>\n    <a href=\"mailto:marylinelevriersdusud@gmail.com\">marylinelevriersdusud@gmail.com<\/a><br \/>\n    07 70 08 39 79<\/p>\n<p><strong>Tr\u00e9sorier :<\/strong> Marc Laury<br \/>\n    <a href=\"mailto:marc.laury@free.fr\">marc.laury@free.fr<\/a><br \/>\n    06 78 44 04 39<\/p>\n<p><strong>Tr\u00e9sori\u00e8re adjointe :<\/strong> Christine Bonnely<br \/>\n    <a href=\"mailto:christine.levriersdusud@outlook.fr\">christine.levriersdusud@outlook.fr<\/a><br \/>\n    06 13 20 58 66<\/p>\n<p><strong>Secr\u00e9taire :<\/strong> Claire TURPIN<br \/>\n    <a href=\"mailto:clairepod.lds@gmail.com\">clairepod.lds@gmail.com<\/a><br \/>\n    06.70.87.02.84<\/p>\n<\/p><\/div>\n<p><\/body><br \/>\n<\/html><\/p>\n","protected":false},"excerpt":{"rendered":"<p>L\u00e9vriers du Sud \u00ab\u00a0La haine tue toujours, l&rsquo;amour ne meurt jamais\u00a0\u00bb &#8211; Gandhi Association de protection animale \u00e0 but non lucratif r\u00e9gie par la loi de 1901, D\u00e9claration \u00e0 la Pr\u00e9fecture de Mont de Marsan En date du 13 Juillet 2010 Sous le N\u00b0 W402002694 LEVRIERS DU SUD Maryline Cr\u00e9tier 584 Route de la Lucate [&hellip;]<\/p>\n","protected":false},"author":1,"featured_media":0,"parent":0,"menu_order":0,"comment_status":"open","ping_status":"open","template":"","meta":{"footnotes":""},"class_list":["post-62","page","type-page","status-publish","hentry"],"aioseo_notices":[],"_links":{"self":[{"href":"https:\/\/www.levriers-du-sud.org\/site\/wp-json\/wp\/v2\/pages\/62","targetHints":{"allow":["GET"]}}],"collection":[{"href":"https:\/\/www.levriers-du-sud.org\/site\/wp-json\/wp\/v2\/pages"}],"about":[{"href":"https:\/\/www.levriers-du-sud.org\/site\/wp-json\/wp\/v2\/types\/page"}],"author":[{"embeddable":true,"href":"https:\/\/www.levriers-du-sud.org\/site\/wp-json\/wp\/v2\/users\/1"}],"replies":[{"embeddable":true,"href":"https:\/\/www.levriers-du-sud.org\/site\/wp-json\/wp\/v2\/comments?post=62"}],"version-history":[{"count":26,"href":"https:\/\/www.levriers-du-sud.org\/site\/wp-json\/wp\/v2\/pages\/62\/revisions"}],"predecessor-version":[{"id":55645,"href":"https:\/\/www.levriers-du-sud.org\/site\/wp-json\/wp\/v2\/pages\/62\/revisions\/55645"}],"wp:attachment":[{"href":"https:\/\/www.levriers-du-sud.org\/site\/wp-json\/wp\/v2\/media?parent=62"}],"curies":[{"name":"wp","href":"https:\/\/api.w.org\/{rel}","templated":true}]}}