{"id":93,"date":"2010-07-22T09:47:59","date_gmt":"2010-07-22T09:47:59","guid":{"rendered":"http:\/\/levriers-du-sud.org\/site\/"},"modified":"2010-07-22T09:47:59","modified_gmt":"2010-07-22T09:47:59","slug":"decouvrir-le-podenco","status":"publish","type":"page","link":"https:\/\/www.levriers-du-sud.org\/site\/decouvrir-le-podenco\/","title":{"rendered":"D\u00e9couvrir le podenco"},"content":{"rendered":"<p><img loading=\"lazy\" decoding=\"async\" class=\"alignnone size-full wp-image-499\" title=\"Billcourse\" src=\"http:\/\/www.levriers-du-sud.org\/site\/wp-content\/uploads\/2010\/07\/Billcourse.jpg\" alt=\"\" width=\"560\" height=\"226\" srcset=\"https:\/\/www.levriers-du-sud.org\/site\/wp-content\/uploads\/2010\/07\/Billcourse.jpg 560w, https:\/\/www.levriers-du-sud.org\/site\/wp-content\/uploads\/2010\/07\/Billcourse-300x121.jpg 300w\" sizes=\"auto, (max-width: 560px) 100vw, 560px\" \/><\/p>\n<p><strong>Le Podenco<\/strong> s\u2019emploie surtout pour la chasse au lapin sans fusil, de jour comme de nuit. Il le fait facilement lever, m\u00eame en des endroits \u00e0 v\u00e9g\u00e9tation abondante, gr\u00e2ce \u00e0 la finesse de son odorat que, avec l\u2019ou\u00efe, il utilise plus que la vue. Par son agilit\u00e9 et son astuce, il capture rapidement le gibier, surtout quand il chasse avec d\u2019autres chiens. Quand un chien a lev\u00e9 le gibier, les autres l\u2019entourent \u00e0 une certaine distance en guettant son passage. Ils aboient seulement quand ils voient ou entendent le gibier et quand ils l\u2019ont bloqu\u00e9. Tous indiquent et arr\u00eatent le gibier en agitant la queue ; ils rompent facilement leur position d\u2019attente. Ils sont \u00e9galement utilis\u00e9s pour le li\u00e8vre et le gros gibier. Ce sont de bons rapporteurs. Sauf exception, pour former une meute on emploie des chiennes et, au plus, un seul m\u00e2le, car les m\u00e2les ne collaborent pas entre eux pendant la chasse et sont querelleurs. Quand une meute a pris quelques milliers de lapins, il arrive que l\u2019un ou l\u2019autre des chiens qui la composent ne chasse plus avant d\u2019avoir pris un long repos ; l\u2019expression espagnole \u00ab\u00a0s\u2019enconiller\u00a0\u00bb d\u00e9crit ce ph\u00e9nom\u00e8ne.<\/p>\n<p>Dans la famille des podencos, toutes les tailles existe, du petit au plus grand.<\/p>\n<p><img loading=\"lazy\" decoding=\"async\" class=\"alignnone size-full wp-image-99\" title=\"Maru\" src=\"http:\/\/levriers-du-sud.org\/site\/wp-content\/uploads\/2010\/07\/Maru.jpg\" alt=\"\" width=\"141\" height=\"207\" \/><img loading=\"lazy\" decoding=\"async\" class=\"alignnone size-full wp-image-100\" title=\"Keko2\" src=\"http:\/\/levriers-du-sud.org\/site\/wp-content\/uploads\/2010\/07\/Keko2.jpg\" alt=\"\" width=\"134\" height=\"207\" \/><img loading=\"lazy\" decoding=\"async\" class=\"alignnone size-full wp-image-101\" title=\"Maru2\" src=\"http:\/\/levriers-du-sud.org\/site\/wp-content\/uploads\/2010\/07\/Maru2.jpg\" alt=\"\" width=\"150\" height=\"207\" \/><img loading=\"lazy\" decoding=\"async\" class=\"alignnone size-full wp-image-109\" title=\"Troy4\" src=\"http:\/\/levriers-du-sud.org\/site\/wp-content\/uploads\/2010\/07\/Troy4.jpg\" alt=\"\" width=\"134\" height=\"207\" \/><\/p>\n<p><img loading=\"lazy\" decoding=\"async\" class=\"alignnone size-full wp-image-103\" title=\"Troy\" src=\"http:\/\/levriers-du-sud.org\/site\/wp-content\/uploads\/2010\/07\/Troy.jpg\" alt=\"\" width=\"280\" height=\"207\" \/><img loading=\"lazy\" decoding=\"async\" class=\"alignnone size-full wp-image-104\" title=\"Bill3\" src=\"http:\/\/levriers-du-sud.org\/site\/wp-content\/uploads\/2010\/07\/Bill3.jpg\" alt=\"\" width=\"280\" height=\"207\" \/><\/p>\n<p><strong>Son histoire en quelques mots<\/strong><br \/>\nCette race est originaire des \u00eeles de Majorque, Ibiza, Minorque et Formentera, o\u00f9 elle est connue sous le nom de Ca Eivissenc. Elle est assez abondante en Catalogne, Valence, Roussillon et Provence, o\u00f9 elle est connue sous les noms de Mallorqu\u00ed, Xarnelo, Majorquais, Charnegue, Charnegui, et chien des Bal\u00e9ares. Ces chiens furent probablement apport\u00e9s dans ces \u00eeles par les Ph\u00e9niciens, les Carthaginois et, \u00e9ventuellement, par les Romains. Il s\u2019agit donc d\u2019un type de chien primitif et rustique, une des plus anciennes races connues dont on peut voir la repr\u00e9sentation dans les tombes de pharaons et sur des pi\u00e8ces de mus\u00e9es, ce qui en fait remonter l\u2019origine \u00e0 3400 ans A.C.<\/p>\n<p><strong>Vivre avec un podenco<\/strong><br \/>\nTr\u00e8s gentil, intelligent et docile, il s\u2019\u00e9l\u00e8ve facilement; mais pour lui, pas question de vivre en appartement. Ce chien robuste, r\u00e9sistant aussi bien \u00e0 la chaleur qu\u2019au froid, aime l\u2019exercice. En revanche, si vous vivez \u00e0 la campagne et si vous \u00eates sportif, le podenco est fait pour vous.<br \/>\nIntelligent et affectueux, il ob\u00e9it instinctivement, par attachement \u00e0 ses ma\u00eetres. Il doit \u00eatre \u00e9duqu\u00e9 avec calme et douceur. C&rsquo;est un chien sauvage, mais gentil, qui sera un compagnon id\u00e9al si on lui prodigue l&rsquo;affection discr\u00e8te qu&rsquo;il r\u00e9clame. Rappelons que c&rsquo;est un redoutable chasseur, aussi, attention aux fugues s&rsquo;il vit \u00e0 la campagne et si ses ma\u00eetres le d\u00e9laissent quelque peu.<br \/>\nLe podenco chasse sur des terrains rocheux. C\u2019est un chien kangourou, toujours en mouvement, qui peut sauter jusqu&rsquo;\u00e0 7 m\u00e8tres en longueur et 2 m\u00e8tres en hauteur et \u00e0 cause de son instinct tr\u00e8s d\u00e9velopp\u00e9 pour la chasse, les futurs adoptants ne doivent pas laisser le podenco dans un terrain ouvert\u00a0sans cl\u00f4ture !<\/p>\n<p><img loading=\"lazy\" decoding=\"async\" class=\"alignnone size-full wp-image-96\" title=\"Keko\" src=\"http:\/\/levriers-du-sud.org\/site\/wp-content\/uploads\/2010\/07\/Keko.jpg\" alt=\"\" width=\"280\" height=\"207\" \/> <img loading=\"lazy\" decoding=\"async\" class=\"alignnone size-full wp-image-107\" title=\"Bill4\" src=\"http:\/\/levriers-du-sud.org\/site\/wp-content\/uploads\/2010\/07\/Bill4.jpg\" alt=\"\" width=\"280\" height=\"207\" \/><\/p>\n","protected":false},"excerpt":{"rendered":"<p>Le Podenco s\u2019emploie surtout pour la chasse au lapin sans fusil, de jour comme de nuit. Il le fait facilement lever, m\u00eame en des endroits \u00e0 v\u00e9g\u00e9tation abondante, gr\u00e2ce \u00e0 la finesse de son odorat que, avec l\u2019ou\u00efe, il utilise plus que la vue. Par son agilit\u00e9 et son astuce, il capture rapidement le gibier, [&hellip;]<\/p>\n","protected":false},"author":1,"featured_media":0,"parent":0,"menu_order":0,"comment_status":"open","ping_status":"open","template":"","meta":{"footnotes":""},"class_list":["post-93","page","type-page","status-publish","hentry"],"aioseo_notices":[],"_links":{"self":[{"href":"https:\/\/www.levriers-du-sud.org\/site\/wp-json\/wp\/v2\/pages\/93","targetHints":{"allow":["GET"]}}],"collection":[{"href":"https:\/\/www.levriers-du-sud.org\/site\/wp-json\/wp\/v2\/pages"}],"about":[{"href":"https:\/\/www.levriers-du-sud.org\/site\/wp-json\/wp\/v2\/types\/page"}],"author":[{"embeddable":true,"href":"https:\/\/www.levriers-du-sud.org\/site\/wp-json\/wp\/v2\/users\/1"}],"replies":[{"embeddable":true,"href":"https:\/\/www.levriers-du-sud.org\/site\/wp-json\/wp\/v2\/comments?post=93"}],"version-history":[{"count":0,"href":"https:\/\/www.levriers-du-sud.org\/site\/wp-json\/wp\/v2\/pages\/93\/revisions"}],"wp:attachment":[{"href":"https:\/\/www.levriers-du-sud.org\/site\/wp-json\/wp\/v2\/media?parent=93"}],"curies":[{"name":"wp","href":"https:\/\/api.w.org\/{rel}","templated":true}]}}